{"id":622779,"date":"2023-06-14T21:55:25","date_gmt":"2023-06-14T21:55:25","guid":{"rendered":"https:\/\/aukinkochile.com\/web\/producto\/pesca-madera\/"},"modified":"2025-11-06T20:09:44","modified_gmt":"2025-11-06T20:09:44","slug":"pesca-madera","status":"publish","type":"product","link":"https:\/\/aukinkochile.com\/web\/producto\/pesca-madera\/","title":{"rendered":"Pesca Madera"},"content":{"rendered":"<p>Entretenido juego de la pesca para pasar horas de diversi\u00f3n. Fabricado en madera de alta calidad. Contiene la piscina de madera con dibujos en su exterior, 4 ca\u00f1as de madera con un color diferente cada una, 20 pescaditos pintados a mano, imantados y con un numero al reverso. De gran calidad y dise\u00f1o. Un juego dise\u00f1ado para estimular el desarrollo de la motricidad fina, la concentraci\u00f3n, la coordinaci\u00f3n mano-ojo, el pensamiento l\u00f3gico y mucho m\u00e1s. Fabricado en material suave y resistente.<\/p>\n<p><p><strong>Material : <\/strong> Madera<\/p>\n<p><strong>C\u00f3digo Aukinko : <\/strong> 18-256305<\/p>\n<p><strong>C\u00f3digo Convenio Marco : <\/strong> x<\/p>\n","protected":false},"excerpt":{"rendered":"<p>Entretenido juego de la pesca para pasar horas de diversi\u00f3n. Fabricado en madera de alta calidad. Contiene la piscina de madera con dibujos en su exterior, 4 ca\u00f1as de madera con un color diferente cada una, 20 pescaditos pintados a mano, imantados y con un numero al reverso. De gran calidad y dise\u00f1o. Un juego [&hellip;]<\/p>\n","protected":false},"featured_media":625114,"comment_status":"open","ping_status":"closed","template":"","meta":{"_et_pb_use_builder":"","_et_pb_old_content":"","_et_gb_content_width":""},"product_brand":[],"product_cat":[20],"product_tag":[],"class_list":{"0":"post-622779","1":"product","2":"type-product","3":"status-publish","4":"has-post-thumbnail","6":"product_cat-motricidad-fina","7":"pa_edad-3-a-4-anos","8":"pa_edad-4-a-5-anos","9":"pa_edad-5-a-6-anos","10":"pa_marca-viga","11":"pa_medidas-4501","12":"pa_medidas-5-x-5-x-37-cm","14":"first","15":"instock","16":"shipping-taxable","17":"purchasable","18":"product-type-simple"},"aioseo_notices":[],"_links":{"self":[{"href":"https:\/\/aukinkochile.com\/web\/wp-json\/wp\/v2\/product\/622779","targetHints":{"allow":["GET"]}}],"collection":[{"href":"https:\/\/aukinkochile.com\/web\/wp-json\/wp\/v2\/product"}],"about":[{"href":"https:\/\/aukinkochile.com\/web\/wp-json\/wp\/v2\/types\/product"}],"replies":[{"embeddable":true,"href":"https:\/\/aukinkochile.com\/web\/wp-json\/wp\/v2\/comments?post=622779"}],"wp:featuredmedia":[{"embeddable":true,"href":"https:\/\/aukinkochile.com\/web\/wp-json\/wp\/v2\/media\/625114"}],"wp:attachment":[{"href":"https:\/\/aukinkochile.com\/web\/wp-json\/wp\/v2\/media?parent=622779"}],"wp:term":[{"taxonomy":"product_brand","embeddable":true,"href":"https:\/\/aukinkochile.com\/web\/wp-json\/wp\/v2\/product_brand?post=622779"},{"taxonomy":"product_cat","embeddable":true,"href":"https:\/\/aukinkochile.com\/web\/wp-json\/wp\/v2\/product_cat?post=622779"},{"taxonomy":"product_tag","embeddable":true,"href":"https:\/\/aukinkochile.com\/web\/wp-json\/wp\/v2\/product_tag?post=622779"}],"curies":[{"name":"wp","href":"https:\/\/api.w.org\/{rel}","templated":true}]}}