{"id":622777,"date":"2023-06-14T21:55:24","date_gmt":"2023-06-14T21:55:24","guid":{"rendered":"https:\/\/aukinkochile.com\/web\/producto\/puzle-madera-3d-tortuga-reversible\/"},"modified":"2025-11-06T20:08:56","modified_gmt":"2025-11-06T20:08:56","slug":"puzle-madera-3d-tortuga-reversible","status":"publish","type":"product","link":"https:\/\/aukinkochile.com\/web\/producto\/puzle-madera-3d-tortuga-reversible\/","title":{"rendered":"Puzle Madera 3D Tortuga Reversible"},"content":{"rendered":"<p>Este hermoso puzle con relieve de Tortuga tiene un encaje perfecto y piezas del tama\u00f1o ideal para las manos de los mas peque\u00f1os. Estimula a ni\u00f1os y ni\u00f1as a utilizar sus conocimientos del alfabeto para lograr completar el puzle. Es un juego ideal para desarrollar el reconocimiento de las letras a la vez que se comienza a conocer el alfabeto. De material suave y resistente y colores vivos ser\u00e1 un juego para pasar horas de diversi\u00f3n. Los puzles son juegos que estimulan a los ni\u00f1as y ni\u00f1os en el desarrollo de la coordinaci\u00f3n mano-ojo, el reconocimiento de colores y formas, el pensamiento l\u00f3gico, la concentraci\u00f3n y mucho m\u00e1s. Fabricado en material suave y resistente.<\/p>\n<p><p><strong>Material : <\/strong> Madera y Metal<\/p>\n<p><strong>C\u00f3digo Aukinko : <\/strong> 18-255250<\/p>\n<p><strong>C\u00f3digo Convenio Marco : <\/strong> x<\/p>\n","protected":false},"excerpt":{"rendered":"<p>Este hermoso puzle con relieve de Tortuga tiene un encaje perfecto y piezas del tama\u00f1o ideal para las manos de los mas peque\u00f1os. Estimula a ni\u00f1os y ni\u00f1as a utilizar sus conocimientos del alfabeto para lograr completar el puzle. Es un juego ideal para desarrollar el reconocimiento de las letras a la vez que se [&hellip;]<\/p>\n","protected":false},"featured_media":625099,"comment_status":"open","ping_status":"closed","template":"","meta":{"_et_pb_use_builder":"","_et_pb_old_content":"","_et_gb_content_width":""},"product_brand":[],"product_cat":[91,20,22],"product_tag":[],"class_list":{"0":"post-622777","1":"product","2":"type-product","3":"status-publish","4":"has-post-thumbnail","6":"product_cat-accesorios-sala","7":"product_cat-motricidad-fina","8":"product_cat-puzzles","9":"pa_edad-3-a-4-anos","10":"pa_edad-4-a-5-anos","11":"pa_edad-5-a-6-anos","12":"pa_marca-viga","13":"pa_medidas-24-x-16-x-1","14":"pa_medidas-8-cm","16":"first","17":"instock","18":"shipping-taxable","19":"purchasable","20":"product-type-simple"},"aioseo_notices":[],"_links":{"self":[{"href":"https:\/\/aukinkochile.com\/web\/wp-json\/wp\/v2\/product\/622777","targetHints":{"allow":["GET"]}}],"collection":[{"href":"https:\/\/aukinkochile.com\/web\/wp-json\/wp\/v2\/product"}],"about":[{"href":"https:\/\/aukinkochile.com\/web\/wp-json\/wp\/v2\/types\/product"}],"replies":[{"embeddable":true,"href":"https:\/\/aukinkochile.com\/web\/wp-json\/wp\/v2\/comments?post=622777"}],"wp:featuredmedia":[{"embeddable":true,"href":"https:\/\/aukinkochile.com\/web\/wp-json\/wp\/v2\/media\/625099"}],"wp:attachment":[{"href":"https:\/\/aukinkochile.com\/web\/wp-json\/wp\/v2\/media?parent=622777"}],"wp:term":[{"taxonomy":"product_brand","embeddable":true,"href":"https:\/\/aukinkochile.com\/web\/wp-json\/wp\/v2\/product_brand?post=622777"},{"taxonomy":"product_cat","embeddable":true,"href":"https:\/\/aukinkochile.com\/web\/wp-json\/wp\/v2\/product_cat?post=622777"},{"taxonomy":"product_tag","embeddable":true,"href":"https:\/\/aukinkochile.com\/web\/wp-json\/wp\/v2\/product_tag?post=622777"}],"curies":[{"name":"wp","href":"https:\/\/api.w.org\/{rel}","templated":true}]}}