{"id":622776,"date":"2023-06-14T21:55:24","date_gmt":"2023-06-14T21:55:24","guid":{"rendered":"https:\/\/aukinkochile.com\/web\/producto\/encaje-madera-ruedas-6-figuras\/"},"modified":"2025-11-06T20:08:40","modified_gmt":"2025-11-06T20:08:40","slug":"encaje-madera-ruedas-6-figuras","status":"publish","type":"product","link":"https:\/\/aukinkochile.com\/web\/producto\/encaje-madera-ruedas-6-figuras\/","title":{"rendered":"Encaje Madera Ruedas 6 Figuras"},"content":{"rendered":"<p>Hermosa rueda de encaje de madera con 6 formas geom\u00e9tricas de madera pintadas para encajar. De gran dise\u00f1o y calidad. Medida rueda 13 x 14,5 cm di\u00e1metro. Un juego ideal para estimular el desarrollo de las habilidades motrices finas, la coordinaci\u00f3n mano-ojo, el reconocimiento de formas y colores y mucho m\u00e1s. Fabricado en material suave y resistente.<\/p>\n<p><p><strong>Material : <\/strong> Madera<\/p>\n<p><strong>C\u00f3digo Aukinko : <\/strong> 18-254123<\/p>\n<p><strong>C\u00f3digo Convenio Marco : <\/strong> x<\/p>\n","protected":false},"excerpt":{"rendered":"<p>Hermosa rueda de encaje de madera con 6 formas geom\u00e9tricas de madera pintadas para encajar. De gran dise\u00f1o y calidad. Medida rueda 13 x 14,5 cm di\u00e1metro. Un juego ideal para estimular el desarrollo de las habilidades motrices finas, la coordinaci\u00f3n mano-ojo, el reconocimiento de formas y colores y mucho m\u00e1s. Fabricado en material suave [&hellip;]<\/p>\n","protected":false},"featured_media":625095,"comment_status":"open","ping_status":"closed","template":"","meta":{"_et_pb_use_builder":"","_et_pb_old_content":"","_et_gb_content_width":""},"product_brand":[],"product_cat":[91,19,20],"product_tag":[],"class_list":{"0":"post-622776","1":"product","2":"type-product","3":"status-publish","4":"has-post-thumbnail","6":"product_cat-accesorios-sala","7":"product_cat-construccion","8":"product_cat-motricidad-fina","9":"pa_edad-1-a-2-anos","10":"pa_edad-2-a-3-anos","11":"pa_edad-3-a-4-anos","12":"pa_marca-viga","13":"pa_medidas-17-x-13","14":"pa_medidas-5-cm","15":"pa_medidas-5-x-17","17":"first","18":"instock","19":"shipping-taxable","20":"purchasable","21":"product-type-simple"},"aioseo_notices":[],"_links":{"self":[{"href":"https:\/\/aukinkochile.com\/web\/wp-json\/wp\/v2\/product\/622776","targetHints":{"allow":["GET"]}}],"collection":[{"href":"https:\/\/aukinkochile.com\/web\/wp-json\/wp\/v2\/product"}],"about":[{"href":"https:\/\/aukinkochile.com\/web\/wp-json\/wp\/v2\/types\/product"}],"replies":[{"embeddable":true,"href":"https:\/\/aukinkochile.com\/web\/wp-json\/wp\/v2\/comments?post=622776"}],"wp:featuredmedia":[{"embeddable":true,"href":"https:\/\/aukinkochile.com\/web\/wp-json\/wp\/v2\/media\/625095"}],"wp:attachment":[{"href":"https:\/\/aukinkochile.com\/web\/wp-json\/wp\/v2\/media?parent=622776"}],"wp:term":[{"taxonomy":"product_brand","embeddable":true,"href":"https:\/\/aukinkochile.com\/web\/wp-json\/wp\/v2\/product_brand?post=622776"},{"taxonomy":"product_cat","embeddable":true,"href":"https:\/\/aukinkochile.com\/web\/wp-json\/wp\/v2\/product_cat?post=622776"},{"taxonomy":"product_tag","embeddable":true,"href":"https:\/\/aukinkochile.com\/web\/wp-json\/wp\/v2\/product_tag?post=622776"}],"curies":[{"name":"wp","href":"https:\/\/api.w.org\/{rel}","templated":true}]}}