{"id":622773,"date":"2023-06-14T21:55:22","date_gmt":"2023-06-14T21:55:22","guid":{"rendered":"https:\/\/aukinkochile.com\/web\/producto\/juego-didactico-arca-de-noe-madera\/"},"modified":"2025-11-06T20:08:39","modified_gmt":"2025-11-06T20:08:39","slug":"juego-didactico-arca-de-noe-madera","status":"publish","type":"product","link":"https:\/\/aukinkochile.com\/web\/producto\/juego-didactico-arca-de-noe-madera\/","title":{"rendered":"Arca de No\u00e9 Madera"},"content":{"rendered":"<p>Hermosa arca de No\u00e9 de madera para pasar horas de diversi\u00f3n. Incluye 5 parejas de animales diferentes (vaca, elefante, cocodrilo, caballo y jirafa) y 2 personajes (No\u00e9 y su mujer). El barco incluye encajes para los animales y cubierta desmontable. De excelente calidad y dise\u00f1o. Los juegos de imitaci\u00f3n son ideales para estimular la imaginaci\u00f3n, desarrollar habilidades sociales y f\u00edsicas y mucho m\u00e1s, de una forma muy entretenida. Promueven la interacci\u00f3n entre ni\u00f1os y adultos. Construcci\u00f3n de madera estable y de lata calidad. Fabricado en material suave y resistente.<\/p>\n<p><p><strong>Material : <\/strong> Madera<\/p>\n<p><strong>C\u00f3digo Aukinko : <\/strong> 18-251625<\/p>\n<p><strong>C\u00f3digo Convenio Marco : <\/strong> x<\/p>\n","protected":false},"excerpt":{"rendered":"<p>Hermosa arca de No\u00e9 de madera para pasar horas de diversi\u00f3n. Incluye 5 parejas de animales diferentes (vaca, elefante, cocodrilo, caballo y jirafa) y 2 personajes (No\u00e9 y su mujer). El barco incluye encajes para los animales y cubierta desmontable. De excelente calidad y dise\u00f1o. Los juegos de imitaci\u00f3n son ideales para estimular la imaginaci\u00f3n, [&hellip;]<\/p>\n","protected":false},"featured_media":625085,"comment_status":"open","ping_status":"closed","template":"","meta":{"_et_pb_use_builder":"","_et_pb_old_content":"","_et_gb_content_width":""},"product_brand":[],"product_cat":[17],"product_tag":[],"class_list":{"0":"post-622773","1":"product","2":"type-product","3":"status-publish","4":"has-post-thumbnail","6":"product_cat-juegos-de-rol","7":"pa_edad-2-a-3-anos","8":"pa_edad-3-a-4-anos","9":"pa_edad-4-a-5-anos","10":"pa_marca-viga","11":"pa_medidas-34-x-25","12":"pa_medidas-5-cm","13":"pa_medidas-5-x-16","15":"first","16":"instock","17":"shipping-taxable","18":"purchasable","19":"product-type-simple"},"aioseo_notices":[],"_links":{"self":[{"href":"https:\/\/aukinkochile.com\/web\/wp-json\/wp\/v2\/product\/622773","targetHints":{"allow":["GET"]}}],"collection":[{"href":"https:\/\/aukinkochile.com\/web\/wp-json\/wp\/v2\/product"}],"about":[{"href":"https:\/\/aukinkochile.com\/web\/wp-json\/wp\/v2\/types\/product"}],"replies":[{"embeddable":true,"href":"https:\/\/aukinkochile.com\/web\/wp-json\/wp\/v2\/comments?post=622773"}],"wp:featuredmedia":[{"embeddable":true,"href":"https:\/\/aukinkochile.com\/web\/wp-json\/wp\/v2\/media\/625085"}],"wp:attachment":[{"href":"https:\/\/aukinkochile.com\/web\/wp-json\/wp\/v2\/media?parent=622773"}],"wp:term":[{"taxonomy":"product_brand","embeddable":true,"href":"https:\/\/aukinkochile.com\/web\/wp-json\/wp\/v2\/product_brand?post=622773"},{"taxonomy":"product_cat","embeddable":true,"href":"https:\/\/aukinkochile.com\/web\/wp-json\/wp\/v2\/product_cat?post=622773"},{"taxonomy":"product_tag","embeddable":true,"href":"https:\/\/aukinkochile.com\/web\/wp-json\/wp\/v2\/product_tag?post=622773"}],"curies":[{"name":"wp","href":"https:\/\/api.w.org\/{rel}","templated":true}]}}