{"id":622772,"date":"2023-06-14T21:55:22","date_gmt":"2023-06-14T21:55:22","guid":{"rendered":"https:\/\/aukinkochile.com\/web\/producto\/circuito-madera-bolitas-49-pz\/"},"modified":"2025-11-06T20:08:34","modified_gmt":"2025-11-06T20:08:34","slug":"circuito-madera-bolitas-49-pz","status":"publish","type":"product","link":"https:\/\/aukinkochile.com\/web\/producto\/circuito-madera-bolitas-49-pz\/","title":{"rendered":"Circuito Madera Bolitas 49 pz"},"content":{"rendered":"<p>Circuito de madera para bolitas que cuenta con 27 piezas naturales de diferentes formas y tama\u00f1os y 16 pz pintados de diferentes formas y tama\u00f1os. 5 bolitas de 2 cm di\u00e1metro de colores con transparencia y un set de 5 tarjetas  11,2 x 9 cm de doble lado, con dibujos recomendados en las instrucciones con diferentes niveles de dificultad. Este juego ofrece a los peque\u00f1os arquitectos muchas posibilidades creativas. Construye un fant\u00e1stico circuito para que puedan rodar las bolitas. Promueve la coordinaci\u00f3n mano ojo. 14,5 cm pieza mas grande de madera y la mas peque\u00f1a de 3,5 cm. Fabricado en material suave y resistente.<\/p>\n<p><p><strong>Material : <\/strong> Madera<\/p>\n<p><strong>C\u00f3digo Aukinko : <\/strong> 18-251619<\/p>\n<p><strong>C\u00f3digo Convenio Marco : <\/strong> x<\/p>\n","protected":false},"excerpt":{"rendered":"<p>Circuito de madera para bolitas que cuenta con 27 piezas naturales de diferentes formas y tama\u00f1os y 16 pz pintados de diferentes formas y tama\u00f1os. 5 bolitas de 2 cm di\u00e1metro de colores con transparencia y un set de 5 tarjetas 11,2 x 9 cm de doble lado, con dibujos recomendados en las instrucciones con [&hellip;]<\/p>\n","protected":false},"featured_media":625081,"comment_status":"open","ping_status":"closed","template":"","meta":{"_et_pb_use_builder":"","_et_pb_old_content":"","_et_gb_content_width":""},"product_brand":[],"product_cat":[91,21,19,20],"product_tag":[],"class_list":{"0":"post-622772","1":"product","2":"type-product","3":"status-publish","4":"has-post-thumbnail","6":"product_cat-accesorios-sala","7":"product_cat-arte-y-manipulacion","8":"product_cat-construccion","9":"product_cat-motricidad-fina","10":"pa_edad-3-a-4-anos","11":"pa_edad-4-a-5-anos","12":"pa_edad-5-a-6-anos","13":"pa_edad-6-a-8-anos","14":"pa_marca-viga","15":"pa_medidas-4415","16":"pa_medidas-5-cm-diametro-x-12","17":"pa_medidas-5-cm-tonel","19":"first","20":"instock","21":"shipping-taxable","22":"purchasable","23":"product-type-simple"},"aioseo_notices":[],"_links":{"self":[{"href":"https:\/\/aukinkochile.com\/web\/wp-json\/wp\/v2\/product\/622772","targetHints":{"allow":["GET"]}}],"collection":[{"href":"https:\/\/aukinkochile.com\/web\/wp-json\/wp\/v2\/product"}],"about":[{"href":"https:\/\/aukinkochile.com\/web\/wp-json\/wp\/v2\/types\/product"}],"replies":[{"embeddable":true,"href":"https:\/\/aukinkochile.com\/web\/wp-json\/wp\/v2\/comments?post=622772"}],"wp:featuredmedia":[{"embeddable":true,"href":"https:\/\/aukinkochile.com\/web\/wp-json\/wp\/v2\/media\/625081"}],"wp:attachment":[{"href":"https:\/\/aukinkochile.com\/web\/wp-json\/wp\/v2\/media?parent=622772"}],"wp:term":[{"taxonomy":"product_brand","embeddable":true,"href":"https:\/\/aukinkochile.com\/web\/wp-json\/wp\/v2\/product_brand?post=622772"},{"taxonomy":"product_cat","embeddable":true,"href":"https:\/\/aukinkochile.com\/web\/wp-json\/wp\/v2\/product_cat?post=622772"},{"taxonomy":"product_tag","embeddable":true,"href":"https:\/\/aukinkochile.com\/web\/wp-json\/wp\/v2\/product_tag?post=622772"}],"curies":[{"name":"wp","href":"https:\/\/api.w.org\/{rel}","templated":true}]}}