{"id":622756,"date":"2023-06-14T21:55:15","date_gmt":"2023-06-14T21:55:15","guid":{"rendered":"https:\/\/aukinkochile.com\/web\/producto\/puzle-madera-encaje-con-obstaculos\/"},"modified":"2025-11-06T20:08:29","modified_gmt":"2025-11-06T20:08:29","slug":"puzle-madera-encaje-con-obstaculos","status":"publish","type":"product","link":"https:\/\/aukinkochile.com\/web\/producto\/puzle-madera-encaje-con-obstaculos\/","title":{"rendered":"Puzle Madera Encaje con Obst\u00e1culos"},"content":{"rendered":"<p>Hermoso puzle de 12 encajes (3 encajes por cada forma, circulo, rect\u00e1ngulo, triangulo y cuadrado) con diferentes obst\u00e1culos en cada barra. Adem\u00e1s de aprender sobre 4 diferentes formas y muchos colores, ayuda a mejorar la capacidad de los ni\u00f1os para resolver problemas, el pensamiento l\u00f3gico y la motricidad fina. Fabricado en material suave y resistente con colores suaves.<\/p>\n<p><p><strong>Material : <\/strong> Madera<\/p>\n<p><strong>C\u00f3digo Aukinko : <\/strong> 18-250968<\/p>\n<p><strong>C\u00f3digo Convenio Marco : <\/strong> x<\/p>\n","protected":false},"excerpt":{"rendered":"<p>Hermoso puzle de 12 encajes (3 encajes por cada forma, circulo, rect\u00e1ngulo, triangulo y cuadrado) con diferentes obst\u00e1culos en cada barra. Adem\u00e1s de aprender sobre 4 diferentes formas y muchos colores, ayuda a mejorar la capacidad de los ni\u00f1os para resolver problemas, el pensamiento l\u00f3gico y la motricidad fina. Fabricado en material suave y resistente [&hellip;]<\/p>\n","protected":false},"featured_media":625044,"comment_status":"open","ping_status":"closed","template":"","meta":{"_et_pb_use_builder":"","_et_pb_old_content":"","_et_gb_content_width":""},"product_brand":[],"product_cat":[91,7385,20,22],"product_tag":[],"class_list":{"0":"post-622756","1":"product","2":"type-product","3":"status-publish","4":"has-post-thumbnail","6":"product_cat-accesorios-sala","7":"product_cat-estimulacion-cognitiva-y-motora-para-adultos-mayores","8":"product_cat-motricidad-fina","9":"product_cat-puzzles","10":"pa_edad-1-a-2-anos","11":"pa_edad-2-a-3-anos","12":"pa_edad-3-a-4-anos","13":"pa_edad-4-a-5-anos","14":"pa_marca-viga","15":"pa_medidas-30-x-7","16":"pa_medidas-5-x-9-cm","18":"first","19":"instock","20":"shipping-taxable","21":"purchasable","22":"product-type-simple"},"aioseo_notices":[],"_links":{"self":[{"href":"https:\/\/aukinkochile.com\/web\/wp-json\/wp\/v2\/product\/622756","targetHints":{"allow":["GET"]}}],"collection":[{"href":"https:\/\/aukinkochile.com\/web\/wp-json\/wp\/v2\/product"}],"about":[{"href":"https:\/\/aukinkochile.com\/web\/wp-json\/wp\/v2\/types\/product"}],"replies":[{"embeddable":true,"href":"https:\/\/aukinkochile.com\/web\/wp-json\/wp\/v2\/comments?post=622756"}],"wp:featuredmedia":[{"embeddable":true,"href":"https:\/\/aukinkochile.com\/web\/wp-json\/wp\/v2\/media\/625044"}],"wp:attachment":[{"href":"https:\/\/aukinkochile.com\/web\/wp-json\/wp\/v2\/media?parent=622756"}],"wp:term":[{"taxonomy":"product_brand","embeddable":true,"href":"https:\/\/aukinkochile.com\/web\/wp-json\/wp\/v2\/product_brand?post=622756"},{"taxonomy":"product_cat","embeddable":true,"href":"https:\/\/aukinkochile.com\/web\/wp-json\/wp\/v2\/product_cat?post=622756"},{"taxonomy":"product_tag","embeddable":true,"href":"https:\/\/aukinkochile.com\/web\/wp-json\/wp\/v2\/product_tag?post=622756"}],"curies":[{"name":"wp","href":"https:\/\/api.w.org\/{rel}","templated":true}]}}