{"id":622742,"date":"2023-06-14T21:55:08","date_gmt":"2023-06-14T21:55:08","guid":{"rendered":"https:\/\/aukinkochile.com\/web\/producto\/bloques-magneticos-visual-40-pz\/"},"modified":"2025-11-06T20:07:59","modified_gmt":"2025-11-06T20:07:59","slug":"bloques-magneticos-visual-40-pz","status":"publish","type":"product","link":"https:\/\/aukinkochile.com\/web\/producto\/bloques-magneticos-visual-40-pz\/","title":{"rendered":"Bloques Magn\u00e9ticos Visual Madera 40 pz"},"content":{"rendered":"<p>Estos bloques magn\u00e9ticos invitan a los mas peque\u00f1os a conocer los tangram de una forma muy divertida. Incluye 20 cartas con ejemplos para que los ni\u00f1os y ni\u00f1as dise\u00f1en siguiendo un patr\u00f3n. Este juego estimula la coordinaci\u00f3n mano-ojo y el desarrollo de habilidades cognitivas variadas. En la reproducci\u00f3n de las im\u00e1genes de las cartas los ni\u00f1os y ni\u00f1as aprenden a modelar patrones y organizar espacialmente lo que ven mientras que a su vez pueden crear sus propios dise\u00f1os dejando volar su imaginaci\u00f3n. Incluye 40 bloques contenidos en una bolsa de genero f\u00e1cil de lavar. 5 cm aprox cada pieza. Fabricado en material suave y resistente. <\/p>\n<p><p><strong>Material : <\/strong> Madera<\/p>\n<p><strong>C\u00f3digo Aukinko : <\/strong> 18-250642<\/p>\n<p><strong>C\u00f3digo Convenio Marco : <\/strong> x<\/p>\n","protected":false},"excerpt":{"rendered":"<p>Estos bloques magn\u00e9ticos invitan a los mas peque\u00f1os a conocer los tangram de una forma muy divertida. Incluye 20 cartas con ejemplos para que los ni\u00f1os y ni\u00f1as dise\u00f1en siguiendo un patr\u00f3n. Este juego estimula la coordinaci\u00f3n mano-ojo y el desarrollo de habilidades cognitivas variadas. En la reproducci\u00f3n de las im\u00e1genes de las cartas los [&hellip;]<\/p>\n","protected":false},"featured_media":624993,"comment_status":"open","ping_status":"closed","template":"","meta":{"_et_pb_use_builder":"","_et_pb_old_content":"","_et_gb_content_width":""},"product_brand":[],"product_cat":[91,150,19,20,22],"product_tag":[],"class_list":{"0":"post-622742","1":"product","2":"type-product","3":"status-publish","4":"has-post-thumbnail","6":"product_cat-accesorios-sala","7":"product_cat-asociacion-y-logica","8":"product_cat-construccion","9":"product_cat-motricidad-fina","10":"product_cat-puzzles","11":"pa_edad-4-a-5-anos","12":"pa_edad-5-a-6-anos","13":"pa_edad-6-a-8-anos","14":"pa_marca-viga","15":"pa_medidas-4-x-4-x-1-cm","17":"first","18":"instock","19":"shipping-taxable","20":"purchasable","21":"product-type-simple"},"aioseo_notices":[],"_links":{"self":[{"href":"https:\/\/aukinkochile.com\/web\/wp-json\/wp\/v2\/product\/622742","targetHints":{"allow":["GET"]}}],"collection":[{"href":"https:\/\/aukinkochile.com\/web\/wp-json\/wp\/v2\/product"}],"about":[{"href":"https:\/\/aukinkochile.com\/web\/wp-json\/wp\/v2\/types\/product"}],"replies":[{"embeddable":true,"href":"https:\/\/aukinkochile.com\/web\/wp-json\/wp\/v2\/comments?post=622742"}],"wp:featuredmedia":[{"embeddable":true,"href":"https:\/\/aukinkochile.com\/web\/wp-json\/wp\/v2\/media\/624993"}],"wp:attachment":[{"href":"https:\/\/aukinkochile.com\/web\/wp-json\/wp\/v2\/media?parent=622742"}],"wp:term":[{"taxonomy":"product_brand","embeddable":true,"href":"https:\/\/aukinkochile.com\/web\/wp-json\/wp\/v2\/product_brand?post=622742"},{"taxonomy":"product_cat","embeddable":true,"href":"https:\/\/aukinkochile.com\/web\/wp-json\/wp\/v2\/product_cat?post=622742"},{"taxonomy":"product_tag","embeddable":true,"href":"https:\/\/aukinkochile.com\/web\/wp-json\/wp\/v2\/product_tag?post=622742"}],"curies":[{"name":"wp","href":"https:\/\/api.w.org\/{rel}","templated":true}]}}