{"id":622734,"date":"2023-06-14T21:21:05","date_gmt":"2023-06-14T21:21:05","guid":{"rendered":"https:\/\/aukinkochile.com\/web\/producto\/juego-de-rol-belleza-madera-set-10-pz\/"},"modified":"2025-11-06T20:07:46","modified_gmt":"2025-11-06T20:07:46","slug":"juego-de-rol-belleza-madera-set-10-pz","status":"publish","type":"product","link":"https:\/\/aukinkochile.com\/web\/producto\/juego-de-rol-belleza-madera-set-10-pz\/","title":{"rendered":"Belleza set Madera 10 pz"},"content":{"rendered":"<p>Divertido set de belleza de 10 pz de madera de alta calidad pintada. Contiene una maleta  de cart\u00f3n (21 x 16 x 6 cm) , peineta, rouge, 2 frascos, 1 cutex, 1 polvera (7 cm di\u00e1metro), 1 espejo, 1 barra de sombras (8 x 5 cm) y una almohadilla doble para aplicar sombras. Los juegos de imitaci\u00f3n son ideales para estimular la imaginaci\u00f3n, desarrollar habilidades sociales y f\u00edsicas y mucho m\u00e1s, de una forma muy entretenida. Promueven la interacci\u00f3n entre ni\u00f1os y adultos. Fabricado en material suave y resistente. <\/p>\n<p><p><strong>Material : <\/strong> Madera<\/p>\n<p><strong>C\u00f3digo Aukinko : <\/strong> 18-250531<\/p>\n<p><strong>C\u00f3digo Convenio Marco : <\/strong> x<\/p>\n","protected":false},"excerpt":{"rendered":"<p>Divertido set de belleza de 10 pz de madera de alta calidad pintada. Contiene una maleta de cart\u00f3n (21 x 16 x 6 cm) , peineta, rouge, 2 frascos, 1 cutex, 1 polvera (7 cm di\u00e1metro), 1 espejo, 1 barra de sombras (8 x 5 cm) y una almohadilla doble para aplicar sombras. Los juegos [&hellip;]<\/p>\n","protected":false},"featured_media":624985,"comment_status":"open","ping_status":"closed","template":"","meta":{"_et_pb_use_builder":"","_et_pb_old_content":"","_et_gb_content_width":""},"product_brand":[],"product_cat":[91,17],"product_tag":[],"class_list":{"0":"post-622734","1":"product","2":"type-product","3":"status-publish","4":"has-post-thumbnail","6":"product_cat-accesorios-sala","7":"product_cat-juegos-de-rol","8":"pa_edad-3-a-4-anos","9":"pa_edad-4-a-5-anos","10":"pa_edad-5-a-6-anos","11":"pa_edad-6-a-8-anos","12":"pa_marca-viga","13":"pa_medidas-21-x-16-x-6-cm","15":"first","16":"instock","17":"shipping-taxable","18":"purchasable","19":"product-type-simple"},"aioseo_notices":[],"_links":{"self":[{"href":"https:\/\/aukinkochile.com\/web\/wp-json\/wp\/v2\/product\/622734","targetHints":{"allow":["GET"]}}],"collection":[{"href":"https:\/\/aukinkochile.com\/web\/wp-json\/wp\/v2\/product"}],"about":[{"href":"https:\/\/aukinkochile.com\/web\/wp-json\/wp\/v2\/types\/product"}],"replies":[{"embeddable":true,"href":"https:\/\/aukinkochile.com\/web\/wp-json\/wp\/v2\/comments?post=622734"}],"wp:featuredmedia":[{"embeddable":true,"href":"https:\/\/aukinkochile.com\/web\/wp-json\/wp\/v2\/media\/624985"}],"wp:attachment":[{"href":"https:\/\/aukinkochile.com\/web\/wp-json\/wp\/v2\/media?parent=622734"}],"wp:term":[{"taxonomy":"product_brand","embeddable":true,"href":"https:\/\/aukinkochile.com\/web\/wp-json\/wp\/v2\/product_brand?post=622734"},{"taxonomy":"product_cat","embeddable":true,"href":"https:\/\/aukinkochile.com\/web\/wp-json\/wp\/v2\/product_cat?post=622734"},{"taxonomy":"product_tag","embeddable":true,"href":"https:\/\/aukinkochile.com\/web\/wp-json\/wp\/v2\/product_tag?post=622734"}],"curies":[{"name":"wp","href":"https:\/\/api.w.org\/{rel}","templated":true}]}}