{"id":622729,"date":"2023-06-14T21:21:02","date_gmt":"2023-06-14T21:21:02","guid":{"rendered":"https:\/\/aukinkochile.com\/web\/producto\/cocina-mezclador-alimentos\/"},"modified":"2026-03-27T17:09:09","modified_gmt":"2026-03-27T17:09:09","slug":"cocina-mezclador-alimentos","status":"publish","type":"product","link":"https:\/\/aukinkochile.com\/web\/producto\/cocina-mezclador-alimentos\/","title":{"rendered":"Mezclador Alimentos Madera"},"content":{"rendered":"<p>Hermoso mezclador de alimentos para pasar horas de diversi\u00f3n. Solo debes girar el bot\u00f3n de arriba para hacer girar el batidor con sonido para tener la maquina en trabajo. Los juegos de imitaci\u00f3n son ideales para estimular la imaginaci\u00f3n, desarrollar habilidades sociales y f\u00edsicas y mucho m\u00e1s, de una forma muy entretenida. Promueven la interacci\u00f3n entre ni\u00f1os y adultos. Fabricado en material suave y resistente. <\/p>\n<p><p><strong>Material : <\/strong> Madera<\/p>\n<p><strong>C\u00f3digo Aukinko : <\/strong> 18-250235<\/p>\n<p><strong>C\u00f3digo Convenio Marco : <\/strong> x<\/p>\n","protected":false},"excerpt":{"rendered":"<p>Hermoso mezclador de alimentos para pasar horas de diversi\u00f3n. Solo debes girar el bot\u00f3n de arriba para hacer girar el batidor con sonido para tener la maquina en trabajo. Los juegos de imitaci\u00f3n son ideales para estimular la imaginaci\u00f3n, desarrollar habilidades sociales y f\u00edsicas y mucho m\u00e1s, de una forma muy entretenida. Promueven la interacci\u00f3n [&hellip;]<\/p>\n","protected":false},"featured_media":624951,"comment_status":"open","ping_status":"closed","template":"","meta":{"_et_pb_use_builder":"","_et_pb_old_content":"","_et_gb_content_width":""},"product_brand":[],"product_cat":[91,17],"product_tag":[],"class_list":{"0":"post-622729","1":"product","2":"type-product","3":"status-publish","4":"has-post-thumbnail","6":"product_cat-accesorios-sala","7":"product_cat-juegos-de-rol","8":"pa_edad-2-a-3-anos","9":"pa_edad-3-a-4-anos","10":"pa_edad-4-a-5-anos","11":"pa_edad-5-a-6-anos","12":"pa_edad-6-a-8-anos","13":"pa_marca-viga","14":"pa_medidas-21-x-19","15":"pa_medidas-5-x-11-cm","17":"first","18":"instock","19":"shipping-taxable","20":"purchasable","21":"product-type-simple"},"aioseo_notices":[],"_links":{"self":[{"href":"https:\/\/aukinkochile.com\/web\/wp-json\/wp\/v2\/product\/622729","targetHints":{"allow":["GET"]}}],"collection":[{"href":"https:\/\/aukinkochile.com\/web\/wp-json\/wp\/v2\/product"}],"about":[{"href":"https:\/\/aukinkochile.com\/web\/wp-json\/wp\/v2\/types\/product"}],"replies":[{"embeddable":true,"href":"https:\/\/aukinkochile.com\/web\/wp-json\/wp\/v2\/comments?post=622729"}],"wp:featuredmedia":[{"embeddable":true,"href":"https:\/\/aukinkochile.com\/web\/wp-json\/wp\/v2\/media\/624951"}],"wp:attachment":[{"href":"https:\/\/aukinkochile.com\/web\/wp-json\/wp\/v2\/media?parent=622729"}],"wp:term":[{"taxonomy":"product_brand","embeddable":true,"href":"https:\/\/aukinkochile.com\/web\/wp-json\/wp\/v2\/product_brand?post=622729"},{"taxonomy":"product_cat","embeddable":true,"href":"https:\/\/aukinkochile.com\/web\/wp-json\/wp\/v2\/product_cat?post=622729"},{"taxonomy":"product_tag","embeddable":true,"href":"https:\/\/aukinkochile.com\/web\/wp-json\/wp\/v2\/product_tag?post=622729"}],"curies":[{"name":"wp","href":"https:\/\/api.w.org\/{rel}","templated":true}]}}