{"id":622718,"date":"2023-06-14T21:20:57","date_gmt":"2023-06-14T21:20:57","guid":{"rendered":"https:\/\/aukinkochile.com\/web\/producto\/puzle-madera-48-pz-granja-4-animales\/"},"modified":"2025-11-06T20:07:07","modified_gmt":"2025-11-06T20:07:07","slug":"puzle-madera-48-pz-granja-4-animales","status":"publish","type":"product","link":"https:\/\/aukinkochile.com\/web\/producto\/puzle-madera-48-pz-granja-4-animales\/","title":{"rendered":"Puzle Madera 48 pz Granja"},"content":{"rendered":"<p>Divertido set de 4 puzles de madera de 48 piezas cada uno, con hermosas ilustraciones de animales de la granja: gallina, vaca, chancho y oveja. Los puzles son juegos ideales para el desarrollo de la observaci\u00f3n, de la motricidad fina, del pensamiento l\u00f3gico, de la coordinaci\u00f3n mano-ojo y mucho m\u00e1s. Fabricado en material suave y resistente.<\/p>\n<p><p><strong>Material : <\/strong> Madera<\/p>\n<p><strong>C\u00f3digo Aukinko : <\/strong> 18-250069<\/p>\n<p><strong>C\u00f3digo Convenio Marco : <\/strong> x<\/p>\n","protected":false},"excerpt":{"rendered":"<p>Divertido set de 4 puzles de madera de 48 piezas cada uno, con hermosas ilustraciones de animales de la granja: gallina, vaca, chancho y oveja. Los puzles son juegos ideales para el desarrollo de la observaci\u00f3n, de la motricidad fina, del pensamiento l\u00f3gico, de la coordinaci\u00f3n mano-ojo y mucho m\u00e1s. Fabricado en material suave y [&hellip;]<\/p>\n","protected":false},"featured_media":624923,"comment_status":"open","ping_status":"closed","template":"","meta":{"_et_pb_use_builder":"","_et_pb_old_content":"","_et_gb_content_width":""},"product_brand":[],"product_cat":[91,20,22],"product_tag":[],"class_list":{"0":"post-622718","1":"product","2":"type-product","3":"status-publish","4":"has-post-thumbnail","6":"product_cat-accesorios-sala","7":"product_cat-motricidad-fina","8":"product_cat-puzzles","9":"pa_edad-3-a-4-anos","10":"pa_edad-4-a-5-anos","11":"pa_edad-5-a-6-anos","12":"pa_marca-viga","13":"pa_medidas-4400","14":"pa_medidas-5-x-18","15":"pa_medidas-5-x-4-cm-caja","17":"first","18":"instock","19":"shipping-taxable","20":"purchasable","21":"product-type-simple"},"aioseo_notices":[],"_links":{"self":[{"href":"https:\/\/aukinkochile.com\/web\/wp-json\/wp\/v2\/product\/622718","targetHints":{"allow":["GET"]}}],"collection":[{"href":"https:\/\/aukinkochile.com\/web\/wp-json\/wp\/v2\/product"}],"about":[{"href":"https:\/\/aukinkochile.com\/web\/wp-json\/wp\/v2\/types\/product"}],"replies":[{"embeddable":true,"href":"https:\/\/aukinkochile.com\/web\/wp-json\/wp\/v2\/comments?post=622718"}],"wp:featuredmedia":[{"embeddable":true,"href":"https:\/\/aukinkochile.com\/web\/wp-json\/wp\/v2\/media\/624923"}],"wp:attachment":[{"href":"https:\/\/aukinkochile.com\/web\/wp-json\/wp\/v2\/media?parent=622718"}],"wp:term":[{"taxonomy":"product_brand","embeddable":true,"href":"https:\/\/aukinkochile.com\/web\/wp-json\/wp\/v2\/product_brand?post=622718"},{"taxonomy":"product_cat","embeddable":true,"href":"https:\/\/aukinkochile.com\/web\/wp-json\/wp\/v2\/product_cat?post=622718"},{"taxonomy":"product_tag","embeddable":true,"href":"https:\/\/aukinkochile.com\/web\/wp-json\/wp\/v2\/product_tag?post=622718"}],"curies":[{"name":"wp","href":"https:\/\/api.w.org\/{rel}","templated":true}]}}