{"id":622696,"date":"2023-06-14T21:20:46","date_gmt":"2023-06-14T21:20:46","guid":{"rendered":"https:\/\/aukinkochile.com\/web\/producto\/juego-didactico-estacion-servicio-y-estacionamiento\/"},"modified":"2025-11-06T19:00:24","modified_gmt":"2025-11-06T19:00:24","slug":"juego-didactico-estacion-servicio-y-estacionamiento","status":"publish","type":"product","link":"https:\/\/aukinkochile.com\/web\/producto\/juego-didactico-estacion-servicio-y-estacionamiento\/","title":{"rendered":"Estaci\u00f3n Servicio y Estacionamiento Madera"},"content":{"rendered":"<p>Divertida estaci\u00f3n de autos, parking y estaci\u00f3n de gas con la que ni\u00f1os y ni\u00f1as podr\u00e1n pasar horas de diversi\u00f3n. Los juegos de rol son ideales para el desarrollo del lenguaje, de las habilidades motoras y mucho mas. Dise\u00f1ado en madera con detalles coloridos, material resistente.<\/p>\n<p><p><strong>Material : <\/strong> Madera<\/p>\n<p><strong>C\u00f3digo Aukinko : <\/strong> 18-244509<\/p>\n<p><strong>C\u00f3digo Convenio Marco : <\/strong> x<\/p>\n","protected":false},"excerpt":{"rendered":"<p>Divertida estaci\u00f3n de autos, parking y estaci\u00f3n de gas con la que ni\u00f1os y ni\u00f1as podr\u00e1n pasar horas de diversi\u00f3n. Los juegos de rol son ideales para el desarrollo del lenguaje, de las habilidades motoras y mucho mas. Dise\u00f1ado en madera con detalles coloridos, material resistente. Material : Madera C\u00f3digo Aukinko : 18-244509 C\u00f3digo Convenio [&hellip;]<\/p>\n","protected":false},"featured_media":624834,"comment_status":"open","ping_status":"closed","template":"","meta":{"_et_pb_use_builder":"","_et_pb_old_content":"","_et_gb_content_width":""},"product_brand":[],"product_cat":[17,212],"product_tag":[],"class_list":{"0":"post-622696","1":"product","2":"type-product","3":"status-publish","4":"has-post-thumbnail","6":"product_cat-juegos-de-rol","7":"product_cat-munecos-y-figuras","8":"pa_edad-3-a-4-anos","9":"pa_edad-4-a-5-anos","10":"pa_edad-5-a-6-anos","11":"pa_marca-viga","12":"pa_medidas-5-cm","13":"pa_medidas-5975","14":"pa_medidas-8-x-45-x-40","16":"first","17":"instock","18":"shipping-taxable","19":"purchasable","20":"product-type-simple"},"aioseo_notices":[],"_links":{"self":[{"href":"https:\/\/aukinkochile.com\/web\/wp-json\/wp\/v2\/product\/622696","targetHints":{"allow":["GET"]}}],"collection":[{"href":"https:\/\/aukinkochile.com\/web\/wp-json\/wp\/v2\/product"}],"about":[{"href":"https:\/\/aukinkochile.com\/web\/wp-json\/wp\/v2\/types\/product"}],"replies":[{"embeddable":true,"href":"https:\/\/aukinkochile.com\/web\/wp-json\/wp\/v2\/comments?post=622696"}],"wp:featuredmedia":[{"embeddable":true,"href":"https:\/\/aukinkochile.com\/web\/wp-json\/wp\/v2\/media\/624834"}],"wp:attachment":[{"href":"https:\/\/aukinkochile.com\/web\/wp-json\/wp\/v2\/media?parent=622696"}],"wp:term":[{"taxonomy":"product_brand","embeddable":true,"href":"https:\/\/aukinkochile.com\/web\/wp-json\/wp\/v2\/product_brand?post=622696"},{"taxonomy":"product_cat","embeddable":true,"href":"https:\/\/aukinkochile.com\/web\/wp-json\/wp\/v2\/product_cat?post=622696"},{"taxonomy":"product_tag","embeddable":true,"href":"https:\/\/aukinkochile.com\/web\/wp-json\/wp\/v2\/product_tag?post=622696"}],"curies":[{"name":"wp","href":"https:\/\/api.w.org\/{rel}","templated":true}]}}