{"id":622695,"date":"2023-06-14T21:20:46","date_gmt":"2023-06-14T21:20:46","guid":{"rendered":"https:\/\/aukinkochile.com\/web\/producto\/garage\/"},"modified":"2025-11-06T20:13:05","modified_gmt":"2025-11-06T20:13:05","slug":"garage","status":"publish","type":"product","link":"https:\/\/aukinkochile.com\/web\/producto\/garage\/","title":{"rendered":"Garaje Madera"},"content":{"rendered":"<p>Hermoso garaje de madera con accesorios para pasar horas de diversi\u00f3n. Incluye autos y helic\u00f3ptero para aterrizar en el helipuerto superior. Un divertido accesorio para juegos de rol en los cuales los ni\u00f1os y ni\u00f1as desarrollan habilidades sociales, ponen en juego su creatividad e imaginaci\u00f3n, estimulando a su vez el uso del lenguaje. De material suave, resistente y colores vivos.<\/p>\n<p><p><strong>Material : <\/strong> Madera<\/p>\n<p><strong>C\u00f3digo Aukinko : <\/strong> 18-259963<\/p>\n<p><strong>C\u00f3digo Convenio Marco : <\/strong> x<\/p>\n","protected":false},"excerpt":{"rendered":"<p>Hermoso garaje de madera con accesorios para pasar horas de diversi\u00f3n. Incluye autos y helic\u00f3ptero para aterrizar en el helipuerto superior. Un divertido accesorio para juegos de rol en los cuales los ni\u00f1os y ni\u00f1as desarrollan habilidades sociales, ponen en juego su creatividad e imaginaci\u00f3n, estimulando a su vez el uso del lenguaje. De material [&hellip;]<\/p>\n","protected":false},"featured_media":622694,"comment_status":"open","ping_status":"closed","template":"","meta":{"_et_pb_use_builder":"","_et_pb_old_content":"","_et_gb_content_width":""},"product_brand":[],"product_cat":[17],"product_tag":[],"class_list":{"0":"post-622695","1":"product","2":"type-product","3":"status-publish","4":"has-post-thumbnail","6":"product_cat-juegos-de-rol","7":"pa_edad-3-a-4-anos","8":"pa_edad-4-a-5-anos","9":"pa_edad-5-a-6-anos","10":"pa_edad-6-a-8-anos","11":"pa_marca-viga","12":"pa_medidas-4424","13":"pa_medidas-5-x-25-cm","14":"pa_medidas-5-x-27","16":"first","17":"instock","18":"shipping-taxable","19":"purchasable","20":"product-type-simple"},"aioseo_notices":[],"_links":{"self":[{"href":"https:\/\/aukinkochile.com\/web\/wp-json\/wp\/v2\/product\/622695","targetHints":{"allow":["GET"]}}],"collection":[{"href":"https:\/\/aukinkochile.com\/web\/wp-json\/wp\/v2\/product"}],"about":[{"href":"https:\/\/aukinkochile.com\/web\/wp-json\/wp\/v2\/types\/product"}],"replies":[{"embeddable":true,"href":"https:\/\/aukinkochile.com\/web\/wp-json\/wp\/v2\/comments?post=622695"}],"wp:featuredmedia":[{"embeddable":true,"href":"https:\/\/aukinkochile.com\/web\/wp-json\/wp\/v2\/media\/622694"}],"wp:attachment":[{"href":"https:\/\/aukinkochile.com\/web\/wp-json\/wp\/v2\/media?parent=622695"}],"wp:term":[{"taxonomy":"product_brand","embeddable":true,"href":"https:\/\/aukinkochile.com\/web\/wp-json\/wp\/v2\/product_brand?post=622695"},{"taxonomy":"product_cat","embeddable":true,"href":"https:\/\/aukinkochile.com\/web\/wp-json\/wp\/v2\/product_cat?post=622695"},{"taxonomy":"product_tag","embeddable":true,"href":"https:\/\/aukinkochile.com\/web\/wp-json\/wp\/v2\/product_tag?post=622695"}],"curies":[{"name":"wp","href":"https:\/\/api.w.org\/{rel}","templated":true}]}}