{"id":622691,"date":"2023-06-14T21:20:44","date_gmt":"2023-06-14T21:20:44","guid":{"rendered":"https:\/\/aukinkochile.com\/web\/producto\/bloques-colores-100-pz\/"},"modified":"2025-11-06T20:12:26","modified_gmt":"2025-11-06T20:12:26","slug":"bloques-colores-100-pz","status":"publish","type":"product","link":"https:\/\/aukinkochile.com\/web\/producto\/bloques-colores-100-pz\/","title":{"rendered":"Bloques Madera Colores 100 pz"},"content":{"rendered":"<p>Divertido tonel de bloques de construcci\u00f3n para pasar horas de diversi\u00f3n. Incluye 100 bloques de madera de 3 cm aprox. De colores y formas diferentes para que los ni\u00f1os y ni\u00f1as puedan construir dejando volar su imaginaci\u00f3n. Un juego que estimula el reconocimiento de colores y formas y las habilidades motoras de los m\u00e1s peque\u00f1os. De material suave y resistente y colores vivos. Fabricado en material suave y resistente.<\/p>\n<p><p><strong>Material : <\/strong> Madera<\/p>\n<p><strong>C\u00f3digo Aukinko : <\/strong> 18-259697<\/p>\n<p><strong>C\u00f3digo Convenio Marco : <\/strong> x<\/p>\n","protected":false},"excerpt":{"rendered":"<p>Divertido tonel de bloques de construcci\u00f3n para pasar horas de diversi\u00f3n. Incluye 100 bloques de madera de 3 cm aprox. De colores y formas diferentes para que los ni\u00f1os y ni\u00f1as puedan construir dejando volar su imaginaci\u00f3n. Un juego que estimula el reconocimiento de colores y formas y las habilidades motoras de los m\u00e1s peque\u00f1os. [&hellip;]<\/p>\n","protected":false},"featured_media":622690,"comment_status":"open","ping_status":"closed","template":"","meta":{"_et_pb_use_builder":"","_et_pb_old_content":"","_et_gb_content_width":""},"product_brand":[],"product_cat":[91,19,20],"product_tag":[],"class_list":{"0":"post-622691","1":"product","2":"type-product","3":"status-publish","4":"has-post-thumbnail","6":"product_cat-accesorios-sala","7":"product_cat-construccion","8":"product_cat-motricidad-fina","9":"pa_edad-2-a-3-anos","10":"pa_edad-3-a-4-anos","11":"pa_edad-4-a-5-anos","12":"pa_marca-viga","13":"pa_medidas-4415","14":"pa_medidas-3-x-22","15":"pa_medidas-3-x-22-cm","17":"first","18":"instock","19":"shipping-taxable","20":"purchasable","21":"product-type-simple"},"aioseo_notices":[],"_links":{"self":[{"href":"https:\/\/aukinkochile.com\/web\/wp-json\/wp\/v2\/product\/622691","targetHints":{"allow":["GET"]}}],"collection":[{"href":"https:\/\/aukinkochile.com\/web\/wp-json\/wp\/v2\/product"}],"about":[{"href":"https:\/\/aukinkochile.com\/web\/wp-json\/wp\/v2\/types\/product"}],"replies":[{"embeddable":true,"href":"https:\/\/aukinkochile.com\/web\/wp-json\/wp\/v2\/comments?post=622691"}],"wp:featuredmedia":[{"embeddable":true,"href":"https:\/\/aukinkochile.com\/web\/wp-json\/wp\/v2\/media\/622690"}],"wp:attachment":[{"href":"https:\/\/aukinkochile.com\/web\/wp-json\/wp\/v2\/media?parent=622691"}],"wp:term":[{"taxonomy":"product_brand","embeddable":true,"href":"https:\/\/aukinkochile.com\/web\/wp-json\/wp\/v2\/product_brand?post=622691"},{"taxonomy":"product_cat","embeddable":true,"href":"https:\/\/aukinkochile.com\/web\/wp-json\/wp\/v2\/product_cat?post=622691"},{"taxonomy":"product_tag","embeddable":true,"href":"https:\/\/aukinkochile.com\/web\/wp-json\/wp\/v2\/product_tag?post=622691"}],"curies":[{"name":"wp","href":"https:\/\/api.w.org\/{rel}","templated":true}]}}