{"id":622681,"date":"2023-06-14T21:20:41","date_gmt":"2023-06-14T21:20:41","guid":{"rendered":"https:\/\/aukinkochile.com\/web\/producto\/pizarra-pared-formas\/"},"modified":"2025-11-06T20:08:28","modified_gmt":"2025-11-06T20:08:28","slug":"pizarra-pared-formas","status":"publish","type":"product","link":"https:\/\/aukinkochile.com\/web\/producto\/pizarra-pared-formas\/","title":{"rendered":"Pizarra Pared Madera Formas"},"content":{"rendered":"<p>Divertido juego de pared que estimula el aprendizaje de la escritura y la motricidad fina y la prensi\u00f3n del l\u00e1piz en edades tempranas de una forma muy divertida. Material suave y resistente y colores vivos.<\/p>\n<p><p><strong>Material : <\/strong> Madera<\/p>\n<p><strong>C\u00f3digo Aukinko : <\/strong> 18-250860<\/p>\n<p><strong>C\u00f3digo Convenio Marco : <\/strong> x<\/p>\n","protected":false},"excerpt":{"rendered":"<p>Divertido juego de pared que estimula el aprendizaje de la escritura y la motricidad fina y la prensi\u00f3n del l\u00e1piz en edades tempranas de una forma muy divertida. Material suave y resistente y colores vivos. Material : Madera C\u00f3digo Aukinko : 18-250860 C\u00f3digo Convenio Marco : x<\/p>\n","protected":false},"featured_media":622680,"comment_status":"open","ping_status":"closed","template":"","meta":{"_et_pb_use_builder":"","_et_pb_old_content":"","_et_gb_content_width":""},"product_brand":[],"product_cat":[91,90],"product_tag":[],"class_list":{"0":"post-622681","1":"product","2":"type-product","3":"status-publish","4":"has-post-thumbnail","6":"product_cat-accesorios-sala","7":"product_cat-matematicas","8":"pa_edad-10-anos","9":"pa_edad-3-a-4-anos","10":"pa_edad-4-a-5-anos","11":"pa_edad-5-a-6-anos","12":"pa_edad-6-a-8-anos","13":"pa_edad-8-a-10-anos","14":"pa_marca-viga","15":"pa_medidas-2-cm","16":"pa_medidas-60-x-40-x-1","18":"first","19":"instock","20":"shipping-taxable","21":"purchasable","22":"product-type-simple"},"aioseo_notices":[],"_links":{"self":[{"href":"https:\/\/aukinkochile.com\/web\/wp-json\/wp\/v2\/product\/622681","targetHints":{"allow":["GET"]}}],"collection":[{"href":"https:\/\/aukinkochile.com\/web\/wp-json\/wp\/v2\/product"}],"about":[{"href":"https:\/\/aukinkochile.com\/web\/wp-json\/wp\/v2\/types\/product"}],"replies":[{"embeddable":true,"href":"https:\/\/aukinkochile.com\/web\/wp-json\/wp\/v2\/comments?post=622681"}],"wp:featuredmedia":[{"embeddable":true,"href":"https:\/\/aukinkochile.com\/web\/wp-json\/wp\/v2\/media\/622680"}],"wp:attachment":[{"href":"https:\/\/aukinkochile.com\/web\/wp-json\/wp\/v2\/media?parent=622681"}],"wp:term":[{"taxonomy":"product_brand","embeddable":true,"href":"https:\/\/aukinkochile.com\/web\/wp-json\/wp\/v2\/product_brand?post=622681"},{"taxonomy":"product_cat","embeddable":true,"href":"https:\/\/aukinkochile.com\/web\/wp-json\/wp\/v2\/product_cat?post=622681"},{"taxonomy":"product_tag","embeddable":true,"href":"https:\/\/aukinkochile.com\/web\/wp-json\/wp\/v2\/product_tag?post=622681"}],"curies":[{"name":"wp","href":"https:\/\/api.w.org\/{rel}","templated":true}]}}