{"id":622661,"date":"2023-06-14T21:20:32","date_gmt":"2023-06-14T21:20:32","guid":{"rendered":"https:\/\/aukinkochile.com\/web\/producto\/magnetico-pizarras-letras-mayusculas-madera-fsc\/"},"modified":"2025-11-06T20:07:35","modified_gmt":"2025-11-06T20:07:35","slug":"magnetico-pizarras-letras-mayusculas-madera-fsc","status":"publish","type":"product","link":"https:\/\/aukinkochile.com\/web\/producto\/magnetico-pizarras-letras-mayusculas-madera-fsc\/","title":{"rendered":"Magn\u00e9tico Pizarras Letras May\u00fasculas Madera"},"content":{"rendered":"<p>Divertido juego educativo dise\u00f1ado para acompa\u00f1ar el aprendizaje de la lectoescritura de una forma muy entretenida. Este set de escritura incluye una pizarra magn\u00e9tica para estimular la motricidad fina en la primera infancia y 26 letras magn\u00e9ticas. Un material did\u00e1ctico ideal para jardines preescolares y colegios. De material suave y resistente. Fabricado en madera sostenible.<\/p>\n<p><p><strong>Material : <\/strong> Madera<\/p>\n<p><strong>C\u00f3digo Aukinko : <\/strong> 18-250337<\/p>\n<p><strong>C\u00f3digo Convenio Marco : <\/strong> x<\/p>\n","protected":false},"excerpt":{"rendered":"<p>Divertido juego educativo dise\u00f1ado para acompa\u00f1ar el aprendizaje de la lectoescritura de una forma muy entretenida. Este set de escritura incluye una pizarra magn\u00e9tica para estimular la motricidad fina en la primera infancia y 26 letras magn\u00e9ticas. Un material did\u00e1ctico ideal para jardines preescolares y colegios. De material suave y resistente. Fabricado en madera sostenible. [&hellip;]<\/p>\n","protected":false},"featured_media":622660,"comment_status":"open","ping_status":"closed","template":"","meta":{"_et_pb_use_builder":"","_et_pb_old_content":"","_et_gb_content_width":""},"product_brand":[],"product_cat":[91,151],"product_tag":[],"class_list":{"0":"post-622661","1":"product","2":"type-product","3":"status-publish","4":"has-post-thumbnail","6":"product_cat-accesorios-sala","7":"product_cat-lenguaje","8":"pa_edad-3-a-4-anos","9":"pa_edad-4-a-5-anos","10":"pa_edad-5-a-6-anos","11":"pa_marca-viga","12":"pa_medidas-35-x-11","13":"pa_medidas-5-cm","14":"pa_medidas-5-x-25","16":"first","17":"instock","18":"shipping-taxable","19":"purchasable","20":"product-type-simple"},"aioseo_notices":[],"_links":{"self":[{"href":"https:\/\/aukinkochile.com\/web\/wp-json\/wp\/v2\/product\/622661","targetHints":{"allow":["GET"]}}],"collection":[{"href":"https:\/\/aukinkochile.com\/web\/wp-json\/wp\/v2\/product"}],"about":[{"href":"https:\/\/aukinkochile.com\/web\/wp-json\/wp\/v2\/types\/product"}],"replies":[{"embeddable":true,"href":"https:\/\/aukinkochile.com\/web\/wp-json\/wp\/v2\/comments?post=622661"}],"wp:featuredmedia":[{"embeddable":true,"href":"https:\/\/aukinkochile.com\/web\/wp-json\/wp\/v2\/media\/622660"}],"wp:attachment":[{"href":"https:\/\/aukinkochile.com\/web\/wp-json\/wp\/v2\/media?parent=622661"}],"wp:term":[{"taxonomy":"product_brand","embeddable":true,"href":"https:\/\/aukinkochile.com\/web\/wp-json\/wp\/v2\/product_brand?post=622661"},{"taxonomy":"product_cat","embeddable":true,"href":"https:\/\/aukinkochile.com\/web\/wp-json\/wp\/v2\/product_cat?post=622661"},{"taxonomy":"product_tag","embeddable":true,"href":"https:\/\/aukinkochile.com\/web\/wp-json\/wp\/v2\/product_tag?post=622661"}],"curies":[{"name":"wp","href":"https:\/\/api.w.org\/{rel}","templated":true}]}}