{"id":622655,"date":"2023-06-14T21:20:30","date_gmt":"2023-06-14T21:20:30","guid":{"rendered":"https:\/\/aukinkochile.com\/web\/producto\/puzle-madera-4-pz-chinita\/"},"modified":"2025-11-06T20:07:16","modified_gmt":"2025-11-06T20:07:16","slug":"puzle-madera-4-pz-chinita","status":"publish","type":"product","link":"https:\/\/aukinkochile.com\/web\/producto\/puzle-madera-4-pz-chinita\/","title":{"rendered":"Puzle Madera 4 pz Chinita"},"content":{"rendered":"<p>Divertido puzle plano de 4 piezas de colores brillantes que lo har\u00e1n muy atractivo para los ni\u00f1os y ni\u00f1as peque\u00f1as. Ideal para el desarrollo del pensamiento l\u00f3gico sencillo, los m\u00e1s peque\u00f1os solo deben hacer coincidir las piezas con las im\u00e1genes de abajo y as\u00ed formar a esta hermosa y amigable chinita. De tama\u00f1o ideal para las peque\u00f1as manos. Fabricado en material suave y resistente con colores vivos y llamativos.<\/p>\n<p><p><strong>Material : <\/strong> Madera<\/p>\n<p><strong>C\u00f3digo Aukinko : <\/strong> 18-250140<\/p>\n<p><strong>C\u00f3digo Convenio Marco : <\/strong> x<\/p>\n","protected":false},"excerpt":{"rendered":"<p>Divertido puzle plano de 4 piezas de colores brillantes que lo har\u00e1n muy atractivo para los ni\u00f1os y ni\u00f1as peque\u00f1as. Ideal para el desarrollo del pensamiento l\u00f3gico sencillo, los m\u00e1s peque\u00f1os solo deben hacer coincidir las piezas con las im\u00e1genes de abajo y as\u00ed formar a esta hermosa y amigable chinita. De tama\u00f1o ideal para [&hellip;]<\/p>\n","protected":false},"featured_media":622654,"comment_status":"open","ping_status":"closed","template":"","meta":{"_et_pb_use_builder":"","_et_pb_old_content":"","_et_gb_content_width":""},"product_brand":[],"product_cat":[91,20,22],"product_tag":[],"class_list":{"0":"post-622655","1":"product","2":"type-product","3":"status-publish","4":"has-post-thumbnail","6":"product_cat-accesorios-sala","7":"product_cat-motricidad-fina","8":"product_cat-puzzles","9":"pa_edad-1-a-2-anos","10":"pa_edad-2-a-3-anos","11":"pa_edad-3-a-4-anos","12":"pa_marca-viga","13":"pa_medidas-15-x-15-x-0","14":"pa_medidas-8-cm","16":"first","17":"instock","18":"shipping-taxable","19":"purchasable","20":"product-type-simple"},"aioseo_notices":[],"_links":{"self":[{"href":"https:\/\/aukinkochile.com\/web\/wp-json\/wp\/v2\/product\/622655","targetHints":{"allow":["GET"]}}],"collection":[{"href":"https:\/\/aukinkochile.com\/web\/wp-json\/wp\/v2\/product"}],"about":[{"href":"https:\/\/aukinkochile.com\/web\/wp-json\/wp\/v2\/types\/product"}],"replies":[{"embeddable":true,"href":"https:\/\/aukinkochile.com\/web\/wp-json\/wp\/v2\/comments?post=622655"}],"wp:featuredmedia":[{"embeddable":true,"href":"https:\/\/aukinkochile.com\/web\/wp-json\/wp\/v2\/media\/622654"}],"wp:attachment":[{"href":"https:\/\/aukinkochile.com\/web\/wp-json\/wp\/v2\/media?parent=622655"}],"wp:term":[{"taxonomy":"product_brand","embeddable":true,"href":"https:\/\/aukinkochile.com\/web\/wp-json\/wp\/v2\/product_brand?post=622655"},{"taxonomy":"product_cat","embeddable":true,"href":"https:\/\/aukinkochile.com\/web\/wp-json\/wp\/v2\/product_cat?post=622655"},{"taxonomy":"product_tag","embeddable":true,"href":"https:\/\/aukinkochile.com\/web\/wp-json\/wp\/v2\/product_tag?post=622655"}],"curies":[{"name":"wp","href":"https:\/\/api.w.org\/{rel}","templated":true}]}}