{"id":622631,"date":"2023-06-14T21:20:21","date_gmt":"2023-06-14T21:20:21","guid":{"rendered":"https:\/\/aukinkochile.com\/web\/producto\/tablero-habilidades-vestir-mago\/"},"modified":"2025-04-22T14:25:10","modified_gmt":"2025-04-22T14:25:10","slug":"tablero-habilidades-vestir-mago","status":"publish","type":"product","link":"https:\/\/aukinkochile.com\/web\/producto\/tablero-habilidades-vestir-mago\/","title":{"rendered":"Tablero Habilidades Vestir Mago Madera"},"content":{"rendered":"<p>Este divertido tablero estimula las habilidades motrices finas de los m\u00e1s peque\u00f1os para que puedan poco a poco ganar autonom\u00eda a la hora de vestirse. Vestir a este simp\u00e1tico mago ser\u00e1 una forma muy entretenida de jugar y aprender a la vez. Incluye cord\u00f3n para atar, botones, cierre, cintur\u00f3n, broches y m\u00e1s. Las piezas del Puzle se pueden sacar del tablero para abrochar m\u00e1s f\u00e1cilmente los cierres. De material suave y resistente y colores vivos.<\/p>\n<p><p><strong>Material : <\/strong> Madera<\/p>\n<p><strong>C\u00f3digo Aukinko : <\/strong> 18-244672<\/p>\n<p><strong>C\u00f3digo Convenio Marco : <\/strong> x<\/p>\n","protected":false},"excerpt":{"rendered":"<p>Este divertido tablero estimula las habilidades motrices finas de los m\u00e1s peque\u00f1os para que puedan poco a poco ganar autonom\u00eda a la hora de vestirse. Vestir a este simp\u00e1tico mago ser\u00e1 una forma muy entretenida de jugar y aprender a la vez. Incluye cord\u00f3n para atar, botones, cierre, cintur\u00f3n, broches y m\u00e1s. Las piezas del [&hellip;]<\/p>\n","protected":false},"featured_media":622630,"comment_status":"open","ping_status":"closed","template":"","meta":{"_et_pb_use_builder":"","_et_pb_old_content":"","_et_gb_content_width":""},"product_brand":[],"product_cat":[17,20],"product_tag":[],"class_list":{"0":"post-622631","1":"product","2":"type-product","3":"status-publish","4":"has-post-thumbnail","6":"product_cat-juegos-de-rol","7":"product_cat-motricidad-fina","8":"pa_edad-2-a-3-anos","9":"pa_edad-3-a-4-anos","10":"pa_marca-viga","11":"pa_medidas-30-x-30-x-2","12":"pa_medidas-5-cm","14":"first","15":"instock","16":"shipping-taxable","17":"purchasable","18":"product-type-simple"},"aioseo_notices":[],"_links":{"self":[{"href":"https:\/\/aukinkochile.com\/web\/wp-json\/wp\/v2\/product\/622631","targetHints":{"allow":["GET"]}}],"collection":[{"href":"https:\/\/aukinkochile.com\/web\/wp-json\/wp\/v2\/product"}],"about":[{"href":"https:\/\/aukinkochile.com\/web\/wp-json\/wp\/v2\/types\/product"}],"replies":[{"embeddable":true,"href":"https:\/\/aukinkochile.com\/web\/wp-json\/wp\/v2\/comments?post=622631"}],"wp:featuredmedia":[{"embeddable":true,"href":"https:\/\/aukinkochile.com\/web\/wp-json\/wp\/v2\/media\/622630"}],"wp:attachment":[{"href":"https:\/\/aukinkochile.com\/web\/wp-json\/wp\/v2\/media?parent=622631"}],"wp:term":[{"taxonomy":"product_brand","embeddable":true,"href":"https:\/\/aukinkochile.com\/web\/wp-json\/wp\/v2\/product_brand?post=622631"},{"taxonomy":"product_cat","embeddable":true,"href":"https:\/\/aukinkochile.com\/web\/wp-json\/wp\/v2\/product_cat?post=622631"},{"taxonomy":"product_tag","embeddable":true,"href":"https:\/\/aukinkochile.com\/web\/wp-json\/wp\/v2\/product_tag?post=622631"}],"curies":[{"name":"wp","href":"https:\/\/api.w.org\/{rel}","templated":true}]}}