{"id":622629,"date":"2023-06-14T21:20:20","date_gmt":"2023-06-14T21:20:20","guid":{"rendered":"https:\/\/aukinkochile.com\/web\/producto\/puzle-madera-relieve-5-pz-granja\/"},"modified":"2025-04-22T14:25:10","modified_gmt":"2025-04-22T14:25:10","slug":"puzle-madera-relieve-5-pz-granja","status":"publish","type":"product","link":"https:\/\/aukinkochile.com\/web\/producto\/puzle-madera-relieve-5-pz-granja\/","title":{"rendered":"Puzle Madera Relieve 5 pz Granja"},"content":{"rendered":"<p>Este precioso puzle de relieve incluye 5 piezas coloridas con texturas debajo de ellas. Un puzle de texturas para estimular la percepci\u00f3n sensorial de una forma muy entretenida. Los puzles son juegos que estimulan a los ni\u00f1as y ni\u00f1os en el desarrollo de la coordinaci\u00f3n mano-ojo, el reconocimiento de colores y formas, el pensamiento l\u00f3gico, la concentraci\u00f3n y mucho m\u00e1s. De material suave y resistente y colores vivos.<\/p>\n<p><p><strong>Material : <\/strong> Madera<\/p>\n<p><strong>C\u00f3digo Aukinko : <\/strong> 18-244662<\/p>\n<p><strong>C\u00f3digo Convenio Marco : <\/strong> x<\/p>\n","protected":false},"excerpt":{"rendered":"<p>Este precioso puzle de relieve incluye 5 piezas coloridas con texturas debajo de ellas. Un puzle de texturas para estimular la percepci\u00f3n sensorial de una forma muy entretenida. Los puzles son juegos que estimulan a los ni\u00f1as y ni\u00f1os en el desarrollo de la coordinaci\u00f3n mano-ojo, el reconocimiento de colores y formas, el pensamiento l\u00f3gico, [&hellip;]<\/p>\n","protected":false},"featured_media":622628,"comment_status":"open","ping_status":"closed","template":"","meta":{"_et_pb_use_builder":"","_et_pb_old_content":"","_et_gb_content_width":""},"product_brand":[],"product_cat":[20,22],"product_tag":[],"class_list":{"0":"post-622629","1":"product","2":"type-product","3":"status-publish","4":"has-post-thumbnail","6":"product_cat-motricidad-fina","7":"product_cat-puzzles","8":"pa_edad-1-a-2-anos","9":"pa_edad-2-a-3-anos","10":"pa_marca-viga","11":"pa_medidas-22-x-22-x-1","12":"pa_medidas-7-cm","14":"first","15":"instock","16":"shipping-taxable","17":"purchasable","18":"product-type-simple"},"aioseo_notices":[],"_links":{"self":[{"href":"https:\/\/aukinkochile.com\/web\/wp-json\/wp\/v2\/product\/622629","targetHints":{"allow":["GET"]}}],"collection":[{"href":"https:\/\/aukinkochile.com\/web\/wp-json\/wp\/v2\/product"}],"about":[{"href":"https:\/\/aukinkochile.com\/web\/wp-json\/wp\/v2\/types\/product"}],"replies":[{"embeddable":true,"href":"https:\/\/aukinkochile.com\/web\/wp-json\/wp\/v2\/comments?post=622629"}],"wp:featuredmedia":[{"embeddable":true,"href":"https:\/\/aukinkochile.com\/web\/wp-json\/wp\/v2\/media\/622628"}],"wp:attachment":[{"href":"https:\/\/aukinkochile.com\/web\/wp-json\/wp\/v2\/media?parent=622629"}],"wp:term":[{"taxonomy":"product_brand","embeddable":true,"href":"https:\/\/aukinkochile.com\/web\/wp-json\/wp\/v2\/product_brand?post=622629"},{"taxonomy":"product_cat","embeddable":true,"href":"https:\/\/aukinkochile.com\/web\/wp-json\/wp\/v2\/product_cat?post=622629"},{"taxonomy":"product_tag","embeddable":true,"href":"https:\/\/aukinkochile.com\/web\/wp-json\/wp\/v2\/product_tag?post=622629"}],"curies":[{"name":"wp","href":"https:\/\/api.w.org\/{rel}","templated":true}]}}