{"id":622623,"date":"2023-06-14T21:20:18","date_gmt":"2023-06-14T21:20:18","guid":{"rendered":"https:\/\/aukinkochile.com\/web\/producto\/tablero-lenguaje-y-matematicas\/"},"modified":"2025-04-22T14:25:10","modified_gmt":"2025-04-22T14:25:10","slug":"tablero-lenguaje-y-matematicas","status":"publish","type":"product","link":"https:\/\/aukinkochile.com\/web\/producto\/tablero-lenguaje-y-matematicas\/","title":{"rendered":"Tablero Lenguaje y Matem\u00e1ticas Madera"},"content":{"rendered":"<p>Este divertido tablero es un juego que acompa\u00f1a a los ni\u00f1os y ni\u00f1as en el aprendizaje de la lengua y la matem\u00e1tica, desarrollando la lectura, la escritura y la aritm\u00e9tica. A su vez estimula el reconocimiento de colores, el pensamiento l\u00f3gico y la coordinaci\u00f3n mano-ojo. Un material educativo ideal para salas de clases en jardines preescolares y colegios. Incluye 100 cubos de madera de colores con letras may\u00fasculas y min\u00fasculas, n\u00fameros y operaciones matem\u00e1ticas, 8 cilindros con s\u00edmbolos matem\u00e1ticos, 13 tarjetas de papel, una bolsa de genero y un plum\u00f3n. De material suave y resistente y colores vivos.<\/p>\n<p><p><strong>Material : <\/strong> Madera<\/p>\n<p><strong>C\u00f3digo Aukinko : <\/strong> 18-244655<\/p>\n<p><strong>C\u00f3digo Convenio Marco : <\/strong> x<\/p>\n","protected":false},"excerpt":{"rendered":"<p>Este divertido tablero es un juego que acompa\u00f1a a los ni\u00f1os y ni\u00f1as en el aprendizaje de la lengua y la matem\u00e1tica, desarrollando la lectura, la escritura y la aritm\u00e9tica. A su vez estimula el reconocimiento de colores, el pensamiento l\u00f3gico y la coordinaci\u00f3n mano-ojo. Un material educativo ideal para salas de clases en jardines [&hellip;]<\/p>\n","protected":false},"featured_media":622622,"comment_status":"open","ping_status":"closed","template":"","meta":{"_et_pb_use_builder":"","_et_pb_old_content":"","_et_gb_content_width":""},"product_brand":[],"product_cat":[151,90],"product_tag":[],"class_list":{"0":"post-622623","1":"product","2":"type-product","3":"status-publish","4":"has-post-thumbnail","6":"product_cat-lenguaje","7":"product_cat-matematicas","8":"pa_edad-3-a-4-anos","9":"pa_edad-4-a-5-anos","10":"pa_edad-5-a-6-anos","11":"pa_edad-6-a-8-anos","12":"pa_marca-viga","13":"pa_medidas-4563","14":"pa_medidas-3-cm","15":"pa_medidas-3-x-28","16":"pa_medidas-3-x-3","18":"first","19":"instock","20":"shipping-taxable","21":"purchasable","22":"product-type-simple"},"aioseo_notices":[],"_links":{"self":[{"href":"https:\/\/aukinkochile.com\/web\/wp-json\/wp\/v2\/product\/622623","targetHints":{"allow":["GET"]}}],"collection":[{"href":"https:\/\/aukinkochile.com\/web\/wp-json\/wp\/v2\/product"}],"about":[{"href":"https:\/\/aukinkochile.com\/web\/wp-json\/wp\/v2\/types\/product"}],"replies":[{"embeddable":true,"href":"https:\/\/aukinkochile.com\/web\/wp-json\/wp\/v2\/comments?post=622623"}],"wp:featuredmedia":[{"embeddable":true,"href":"https:\/\/aukinkochile.com\/web\/wp-json\/wp\/v2\/media\/622622"}],"wp:attachment":[{"href":"https:\/\/aukinkochile.com\/web\/wp-json\/wp\/v2\/media?parent=622623"}],"wp:term":[{"taxonomy":"product_brand","embeddable":true,"href":"https:\/\/aukinkochile.com\/web\/wp-json\/wp\/v2\/product_brand?post=622623"},{"taxonomy":"product_cat","embeddable":true,"href":"https:\/\/aukinkochile.com\/web\/wp-json\/wp\/v2\/product_cat?post=622623"},{"taxonomy":"product_tag","embeddable":true,"href":"https:\/\/aukinkochile.com\/web\/wp-json\/wp\/v2\/product_tag?post=622623"}],"curies":[{"name":"wp","href":"https:\/\/api.w.org\/{rel}","templated":true}]}}