{"id":622621,"date":"2023-06-14T21:20:15","date_gmt":"2023-06-14T21:20:15","guid":{"rendered":"https:\/\/aukinkochile.com\/web\/producto\/juego-respuesta-rapida\/"},"modified":"2025-04-22T14:25:10","modified_gmt":"2025-04-22T14:25:10","slug":"juego-respuesta-rapida","status":"publish","type":"product","link":"https:\/\/aukinkochile.com\/web\/producto\/juego-respuesta-rapida\/","title":{"rendered":"Juego Respuesta R\u00e1pida Madera"},"content":{"rendered":"<p>Divertido juego de velocidad visual y r\u00e1pida respuesta para pasar horas de diversi\u00f3n en familia. Incluye 24 fichas de madera con im\u00e1genes ilustradas y 3 dados con colores, dise\u00f1os y personajes. Luego de lanzar los tres dados los ni\u00f1os y ni\u00f1as deben encontrar la ficha que combine el color, el dise\u00f1o y el personaje, la observaci\u00f3n se pone en juego y quien sea m\u00e1s r\u00e1pido gana. Este entretenido juego estimula la concentraci\u00f3n, el pensamiento l\u00f3gico y la observaci\u00f3n de patrones reconociendo detalles y colores. De material suave y resistente y colores vivos. <\/p>\n<p><p><strong>Material : <\/strong> Madera<\/p>\n<p><strong>C\u00f3digo Aukinko : <\/strong> 18-244651<\/p>\n<p><strong>C\u00f3digo Convenio Marco : <\/strong> x<\/p>\n","protected":false},"excerpt":{"rendered":"<p>Divertido juego de velocidad visual y r\u00e1pida respuesta para pasar horas de diversi\u00f3n en familia. Incluye 24 fichas de madera con im\u00e1genes ilustradas y 3 dados con colores, dise\u00f1os y personajes. Luego de lanzar los tres dados los ni\u00f1os y ni\u00f1as deben encontrar la ficha que combine el color, el dise\u00f1o y el personaje, la [&hellip;]<\/p>\n","protected":false},"featured_media":622620,"comment_status":"open","ping_status":"closed","template":"","meta":{"_et_pb_use_builder":"","_et_pb_old_content":"","_et_gb_content_width":""},"product_brand":[],"product_cat":[149],"product_tag":[],"class_list":{"0":"post-622621","1":"product","2":"type-product","3":"status-publish","4":"has-post-thumbnail","6":"product_cat-juegos-de-mesa","7":"pa_edad-1-a-2-anos","8":"pa_edad-2-a-3-anos","9":"pa_marca-viga","10":"pa_medidas-21-x-19-x-4","11":"pa_medidas-5-cm","13":"first","14":"instock","15":"shipping-taxable","16":"purchasable","17":"product-type-simple"},"aioseo_notices":[],"_links":{"self":[{"href":"https:\/\/aukinkochile.com\/web\/wp-json\/wp\/v2\/product\/622621","targetHints":{"allow":["GET"]}}],"collection":[{"href":"https:\/\/aukinkochile.com\/web\/wp-json\/wp\/v2\/product"}],"about":[{"href":"https:\/\/aukinkochile.com\/web\/wp-json\/wp\/v2\/types\/product"}],"replies":[{"embeddable":true,"href":"https:\/\/aukinkochile.com\/web\/wp-json\/wp\/v2\/comments?post=622621"}],"wp:featuredmedia":[{"embeddable":true,"href":"https:\/\/aukinkochile.com\/web\/wp-json\/wp\/v2\/media\/622620"}],"wp:attachment":[{"href":"https:\/\/aukinkochile.com\/web\/wp-json\/wp\/v2\/media?parent=622621"}],"wp:term":[{"taxonomy":"product_brand","embeddable":true,"href":"https:\/\/aukinkochile.com\/web\/wp-json\/wp\/v2\/product_brand?post=622621"},{"taxonomy":"product_cat","embeddable":true,"href":"https:\/\/aukinkochile.com\/web\/wp-json\/wp\/v2\/product_cat?post=622621"},{"taxonomy":"product_tag","embeddable":true,"href":"https:\/\/aukinkochile.com\/web\/wp-json\/wp\/v2\/product_tag?post=622621"}],"curies":[{"name":"wp","href":"https:\/\/api.w.org\/{rel}","templated":true}]}}