{"id":622511,"date":"2023-06-14T21:19:35","date_gmt":"2023-06-14T21:19:35","guid":{"rendered":"https:\/\/aukinkochile.com\/web\/producto\/juego-de-mesa-puzles-6-animales\/"},"modified":"2025-11-06T18:43:16","modified_gmt":"2025-11-06T18:43:16","slug":"juego-de-mesa-puzles-6-animales","status":"publish","type":"product","link":"https:\/\/aukinkochile.com\/web\/producto\/juego-de-mesa-puzles-6-animales\/","title":{"rendered":"Puzle 6 Animales"},"content":{"rendered":"<p>Divertido set de Puzles de animales con im\u00e1genes similares a la realidad. Un set de Puzles educativos para pasar horas de diversi\u00f3n. <\/p>\n<p><p><strong>Material : <\/strong> Cart\u00f3n Grueso<\/p>\n<p><strong>C\u00f3digo Aukinko : <\/strong> 08-21005515<\/p>\n<p><strong>C\u00f3digo Convenio Marco : <\/strong> x<\/p>\n","protected":false},"excerpt":{"rendered":"<p>Divertido set de Puzles de animales con im\u00e1genes similares a la realidad. Un set de Puzles educativos para pasar horas de diversi\u00f3n. Material : Cart\u00f3n Grueso C\u00f3digo Aukinko : 08-21005515 C\u00f3digo Convenio Marco : x<\/p>\n","protected":false},"featured_media":622510,"comment_status":"open","ping_status":"closed","template":"","meta":{"_et_pb_use_builder":"","_et_pb_old_content":"","_et_gb_content_width":""},"product_brand":[],"product_cat":[149,22],"product_tag":[],"class_list":{"0":"post-622511","1":"product","2":"type-product","3":"status-publish","4":"has-post-thumbnail","6":"product_cat-juegos-de-mesa","7":"product_cat-puzzles","8":"pa_marca-galt","9":"pa_medidas-23-x-25-x-5-cm","11":"first","12":"instock","13":"shipping-taxable","14":"purchasable","15":"product-type-simple"},"aioseo_notices":[],"_links":{"self":[{"href":"https:\/\/aukinkochile.com\/web\/wp-json\/wp\/v2\/product\/622511","targetHints":{"allow":["GET"]}}],"collection":[{"href":"https:\/\/aukinkochile.com\/web\/wp-json\/wp\/v2\/product"}],"about":[{"href":"https:\/\/aukinkochile.com\/web\/wp-json\/wp\/v2\/types\/product"}],"replies":[{"embeddable":true,"href":"https:\/\/aukinkochile.com\/web\/wp-json\/wp\/v2\/comments?post=622511"}],"wp:featuredmedia":[{"embeddable":true,"href":"https:\/\/aukinkochile.com\/web\/wp-json\/wp\/v2\/media\/622510"}],"wp:attachment":[{"href":"https:\/\/aukinkochile.com\/web\/wp-json\/wp\/v2\/media?parent=622511"}],"wp:term":[{"taxonomy":"product_brand","embeddable":true,"href":"https:\/\/aukinkochile.com\/web\/wp-json\/wp\/v2\/product_brand?post=622511"},{"taxonomy":"product_cat","embeddable":true,"href":"https:\/\/aukinkochile.com\/web\/wp-json\/wp\/v2\/product_cat?post=622511"},{"taxonomy":"product_tag","embeddable":true,"href":"https:\/\/aukinkochile.com\/web\/wp-json\/wp\/v2\/product_tag?post=622511"}],"curies":[{"name":"wp","href":"https:\/\/api.w.org\/{rel}","templated":true}]}}