{"id":622470,"date":"2023-06-14T21:19:19","date_gmt":"2023-06-14T21:19:19","guid":{"rendered":"https:\/\/aukinkochile.com\/web\/producto\/canasta-frutas-fill-spill-7-pz\/"},"modified":"2026-03-27T17:01:33","modified_gmt":"2026-03-27T17:01:33","slug":"canasta-frutas-fill-spill-7-pz","status":"publish","type":"product","link":"https:\/\/aukinkochile.com\/web\/producto\/canasta-frutas-fill-spill-7-pz\/","title":{"rendered":"Canasta Frutas Fill &#038; Spill 7 pz"},"content":{"rendered":"<p>Divertida canasta soft con frutas para pasar horas de diversi\u00f3n. Con este juego los ni\u00f1os y ni\u00f1as aprender\u00e1n de forma divertida los nombres de las frutas mientras juegan, con esta canasta podr\u00e1n llevarlas a todas partes. De material suave y resistente y colores vivos.<\/p>\n<p><p><strong>Material : <\/strong> Genero<\/p>\n<p><strong>C\u00f3digo Aukinko : <\/strong> 08-21005410<\/p>\n<p><strong>C\u00f3digo Convenio Marco : <\/strong> x<\/p>\n","protected":false},"excerpt":{"rendered":"<p>Divertida canasta soft con frutas para pasar horas de diversi\u00f3n. Con este juego los ni\u00f1os y ni\u00f1as aprender\u00e1n de forma divertida los nombres de las frutas mientras juegan, con esta canasta podr\u00e1n llevarlas a todas partes. De material suave y resistente y colores vivos. Material : Genero C\u00f3digo Aukinko : 08-21005410 C\u00f3digo Convenio Marco : [&hellip;]<\/p>\n","protected":false},"featured_media":625340,"comment_status":"open","ping_status":"closed","template":"","meta":{"_et_pb_use_builder":"","_et_pb_old_content":"","_et_gb_content_width":""},"product_brand":[],"product_cat":[91,17,23],"product_tag":[],"class_list":{"0":"post-622470","1":"product","2":"type-product","3":"status-publish","4":"has-post-thumbnail","6":"product_cat-accesorios-sala","7":"product_cat-juegos-de-rol","8":"product_cat-primeros-anos","9":"pa_edad-0-a-1-ano","10":"pa_edad-1-a-2-anos","11":"pa_edad-2-a-3-anos","12":"pa_marca-galt","13":"pa_medidas-24-x-29","14":"pa_medidas-3-x-5-cm","16":"first","17":"instock","18":"shipping-taxable","19":"purchasable","20":"product-type-simple"},"aioseo_notices":[],"_links":{"self":[{"href":"https:\/\/aukinkochile.com\/web\/wp-json\/wp\/v2\/product\/622470","targetHints":{"allow":["GET"]}}],"collection":[{"href":"https:\/\/aukinkochile.com\/web\/wp-json\/wp\/v2\/product"}],"about":[{"href":"https:\/\/aukinkochile.com\/web\/wp-json\/wp\/v2\/types\/product"}],"replies":[{"embeddable":true,"href":"https:\/\/aukinkochile.com\/web\/wp-json\/wp\/v2\/comments?post=622470"}],"wp:featuredmedia":[{"embeddable":true,"href":"https:\/\/aukinkochile.com\/web\/wp-json\/wp\/v2\/media\/625340"}],"wp:attachment":[{"href":"https:\/\/aukinkochile.com\/web\/wp-json\/wp\/v2\/media?parent=622470"}],"wp:term":[{"taxonomy":"product_brand","embeddable":true,"href":"https:\/\/aukinkochile.com\/web\/wp-json\/wp\/v2\/product_brand?post=622470"},{"taxonomy":"product_cat","embeddable":true,"href":"https:\/\/aukinkochile.com\/web\/wp-json\/wp\/v2\/product_cat?post=622470"},{"taxonomy":"product_tag","embeddable":true,"href":"https:\/\/aukinkochile.com\/web\/wp-json\/wp\/v2\/product_tag?post=622470"}],"curies":[{"name":"wp","href":"https:\/\/api.w.org\/{rel}","templated":true}]}}