{"id":622386,"date":"2023-06-14T20:18:01","date_gmt":"2023-06-14T20:18:01","guid":{"rendered":"https:\/\/aukinkochile.com\/web\/producto\/arte-pintura-dedo-lavable-6-pz\/"},"modified":"2025-11-06T18:38:36","modified_gmt":"2025-11-06T18:38:36","slug":"arte-pintura-dedo-lavable-6-pz","status":"publish","type":"product","link":"https:\/\/aukinkochile.com\/web\/producto\/arte-pintura-dedo-lavable-6-pz\/","title":{"rendered":"Pintura Dedo Lavable 6 pz"},"content":{"rendered":"<p>Seis potes de pintura para dedo de 100 ml, de colores brillantes y lavable. Los ni\u00f1os podr\u00e1n disfrutar  de la pintura con los dedos y peinado sobre la pintura para producir efectos de textura.<\/p>\n<p><p><strong>Material : <\/strong> Pl\u00e1stico<\/p>\n<p><strong>C\u00f3digo Aukinko : <\/strong> 08-21003008<\/p>\n<p><strong>C\u00f3digo Convenio Marco : <\/strong> x<\/p>\n","protected":false},"excerpt":{"rendered":"<p>Seis potes de pintura para dedo de 100 ml, de colores brillantes y lavable. Los ni\u00f1os podr\u00e1n disfrutar de la pintura con los dedos y peinado sobre la pintura para producir efectos de textura. Material : Pl\u00e1stico C\u00f3digo Aukinko : 08-21003008 C\u00f3digo Convenio Marco : x<\/p>\n","protected":false},"featured_media":625209,"comment_status":"open","ping_status":"closed","template":"","meta":{"_et_pb_use_builder":"","_et_pb_old_content":"","_et_gb_content_width":""},"product_brand":[],"product_cat":[91,21],"product_tag":[],"class_list":{"0":"post-622386","1":"product","2":"type-product","3":"status-publish","4":"has-post-thumbnail","6":"product_cat-accesorios-sala","7":"product_cat-arte-y-manipulacion","8":"pa_edad-2-a-3-anos","9":"pa_edad-3-a-4-anos","10":"pa_edad-4-a-5-anos","11":"pa_edad-5-a-6-anos","12":"pa_marca-galt","13":"pa_medidas-16-x-13-x-6","14":"pa_medidas-5-cm","16":"first","17":"instock","18":"shipping-taxable","19":"purchasable","20":"product-type-simple"},"aioseo_notices":[],"_links":{"self":[{"href":"https:\/\/aukinkochile.com\/web\/wp-json\/wp\/v2\/product\/622386","targetHints":{"allow":["GET"]}}],"collection":[{"href":"https:\/\/aukinkochile.com\/web\/wp-json\/wp\/v2\/product"}],"about":[{"href":"https:\/\/aukinkochile.com\/web\/wp-json\/wp\/v2\/types\/product"}],"replies":[{"embeddable":true,"href":"https:\/\/aukinkochile.com\/web\/wp-json\/wp\/v2\/comments?post=622386"}],"wp:featuredmedia":[{"embeddable":true,"href":"https:\/\/aukinkochile.com\/web\/wp-json\/wp\/v2\/media\/625209"}],"wp:attachment":[{"href":"https:\/\/aukinkochile.com\/web\/wp-json\/wp\/v2\/media?parent=622386"}],"wp:term":[{"taxonomy":"product_brand","embeddable":true,"href":"https:\/\/aukinkochile.com\/web\/wp-json\/wp\/v2\/product_brand?post=622386"},{"taxonomy":"product_cat","embeddable":true,"href":"https:\/\/aukinkochile.com\/web\/wp-json\/wp\/v2\/product_cat?post=622386"},{"taxonomy":"product_tag","embeddable":true,"href":"https:\/\/aukinkochile.com\/web\/wp-json\/wp\/v2\/product_tag?post=622386"}],"curies":[{"name":"wp","href":"https:\/\/api.w.org\/{rel}","templated":true}]}}