{"id":622384,"date":"2023-06-14T20:18:00","date_gmt":"2023-06-14T20:18:00","guid":{"rendered":"https:\/\/aukinkochile.com\/web\/producto\/arte-pintura-liquida-6-potes\/"},"modified":"2025-11-06T18:38:32","modified_gmt":"2025-11-06T18:38:32","slug":"arte-pintura-liquida-6-potes","status":"publish","type":"product","link":"https:\/\/aukinkochile.com\/web\/producto\/arte-pintura-liquida-6-potes\/","title":{"rendered":"Pintura Liquida 6 pz"},"content":{"rendered":"<p>Divertido set de pinturas de excelente calidad. Incluye seis botellas de 250 ml de pintura lista para usar.\u00a0Estos colores brillantes a base de agua son ideales para iniciar a los ni\u00f1os en la pintura y la mezcla de colores. Recomendado para ni\u00f1os y ni\u00f1as de 3 a\u00f1os en adelante.<\/p>\n<p><p><strong>Material : <\/strong> Pl\u00e1stico y Pintura<\/p>\n<p><strong>C\u00f3digo Aukinko : <\/strong> 08-21003006<\/p>\n<p><strong>C\u00f3digo Convenio Marco : <\/strong> x<\/p>\n","protected":false},"excerpt":{"rendered":"<p>Divertido set de pinturas de excelente calidad. Incluye seis botellas de 250 ml de pintura lista para usar.\u00a0Estos colores brillantes a base de agua son ideales para iniciar a los ni\u00f1os en la pintura y la mezcla de colores. Recomendado para ni\u00f1os y ni\u00f1as de 3 a\u00f1os en adelante. Material : Pl\u00e1stico y Pintura C\u00f3digo [&hellip;]<\/p>\n","protected":false},"featured_media":625208,"comment_status":"open","ping_status":"closed","template":"","meta":{"_et_pb_use_builder":"","_et_pb_old_content":"","_et_gb_content_width":""},"product_brand":[],"product_cat":[91,21],"product_tag":[],"class_list":{"0":"post-622384","1":"product","2":"type-product","3":"status-publish","4":"has-post-thumbnail","6":"product_cat-accesorios-sala","7":"product_cat-arte-y-manipulacion","8":"pa_edad-10-anos","9":"pa_edad-3-a-4-anos","10":"pa_edad-4-a-5-anos","11":"pa_edad-5-a-6-anos","12":"pa_edad-6-a-8-anos","13":"pa_edad-8-a-10-anos","14":"pa_marca-galt","15":"pa_medidas-15-x-15-x-10-cm","17":"first","18":"instock","19":"shipping-taxable","20":"purchasable","21":"product-type-simple"},"aioseo_notices":[],"_links":{"self":[{"href":"https:\/\/aukinkochile.com\/web\/wp-json\/wp\/v2\/product\/622384","targetHints":{"allow":["GET"]}}],"collection":[{"href":"https:\/\/aukinkochile.com\/web\/wp-json\/wp\/v2\/product"}],"about":[{"href":"https:\/\/aukinkochile.com\/web\/wp-json\/wp\/v2\/types\/product"}],"replies":[{"embeddable":true,"href":"https:\/\/aukinkochile.com\/web\/wp-json\/wp\/v2\/comments?post=622384"}],"wp:featuredmedia":[{"embeddable":true,"href":"https:\/\/aukinkochile.com\/web\/wp-json\/wp\/v2\/media\/625208"}],"wp:attachment":[{"href":"https:\/\/aukinkochile.com\/web\/wp-json\/wp\/v2\/media?parent=622384"}],"wp:term":[{"taxonomy":"product_brand","embeddable":true,"href":"https:\/\/aukinkochile.com\/web\/wp-json\/wp\/v2\/product_brand?post=622384"},{"taxonomy":"product_cat","embeddable":true,"href":"https:\/\/aukinkochile.com\/web\/wp-json\/wp\/v2\/product_cat?post=622384"},{"taxonomy":"product_tag","embeddable":true,"href":"https:\/\/aukinkochile.com\/web\/wp-json\/wp\/v2\/product_tag?post=622384"}],"curies":[{"name":"wp","href":"https:\/\/api.w.org\/{rel}","templated":true}]}}