{"id":622382,"date":"2023-06-14T20:17:59","date_gmt":"2023-06-14T20:17:59","guid":{"rendered":"https:\/\/aukinkochile.com\/web\/producto\/arte-lapices-punta-pincel-12-pz\/"},"modified":"2025-11-06T18:38:24","modified_gmt":"2025-11-06T18:38:24","slug":"arte-lapices-punta-pincel-12-pz","status":"publish","type":"product","link":"https:\/\/aukinkochile.com\/web\/producto\/arte-lapices-punta-pincel-12-pz\/","title":{"rendered":"L\u00e1pices Punta Pincel 12 pz"},"content":{"rendered":"<p>12 l\u00e1pices con punta de pincel. No mas desorden, frascos y pinceles. Con solo presionar, la pintura sale por el pincel.<\/p>\n<p><p><strong>Material : <\/strong> Pl\u00e1stico<\/p>\n<p><strong>C\u00f3digo Aukinko : <\/strong> 08-21001657<\/p>\n<p><strong>C\u00f3digo Convenio Marco : <\/strong> x<\/p>\n","protected":false},"excerpt":{"rendered":"<p>12 l\u00e1pices con punta de pincel. No mas desorden, frascos y pinceles. Con solo presionar, la pintura sale por el pincel. Material : Pl\u00e1stico C\u00f3digo Aukinko : 08-21001657 C\u00f3digo Convenio Marco : x<\/p>\n","protected":false},"featured_media":625207,"comment_status":"open","ping_status":"closed","template":"","meta":{"_et_pb_use_builder":"","_et_pb_old_content":"","_et_gb_content_width":""},"product_brand":[],"product_cat":[21],"product_tag":[],"class_list":{"0":"post-622382","1":"product","2":"type-product","3":"status-publish","4":"has-post-thumbnail","6":"product_cat-arte-y-manipulacion","7":"pa_edad-3-a-4-anos","8":"pa_edad-4-a-5-anos","9":"pa_edad-5-a-6-anos","10":"pa_marca-galt","11":"pa_medidas-17-x-13-x-2-cm","13":"first","14":"instock","15":"shipping-taxable","16":"purchasable","17":"product-type-simple"},"aioseo_notices":[],"_links":{"self":[{"href":"https:\/\/aukinkochile.com\/web\/wp-json\/wp\/v2\/product\/622382","targetHints":{"allow":["GET"]}}],"collection":[{"href":"https:\/\/aukinkochile.com\/web\/wp-json\/wp\/v2\/product"}],"about":[{"href":"https:\/\/aukinkochile.com\/web\/wp-json\/wp\/v2\/types\/product"}],"replies":[{"embeddable":true,"href":"https:\/\/aukinkochile.com\/web\/wp-json\/wp\/v2\/comments?post=622382"}],"wp:featuredmedia":[{"embeddable":true,"href":"https:\/\/aukinkochile.com\/web\/wp-json\/wp\/v2\/media\/625207"}],"wp:attachment":[{"href":"https:\/\/aukinkochile.com\/web\/wp-json\/wp\/v2\/media?parent=622382"}],"wp:term":[{"taxonomy":"product_brand","embeddable":true,"href":"https:\/\/aukinkochile.com\/web\/wp-json\/wp\/v2\/product_brand?post=622382"},{"taxonomy":"product_cat","embeddable":true,"href":"https:\/\/aukinkochile.com\/web\/wp-json\/wp\/v2\/product_cat?post=622382"},{"taxonomy":"product_tag","embeddable":true,"href":"https:\/\/aukinkochile.com\/web\/wp-json\/wp\/v2\/product_tag?post=622382"}],"curies":[{"name":"wp","href":"https:\/\/api.w.org\/{rel}","templated":true}]}}