{"id":622380,"date":"2023-06-14T20:17:58","date_gmt":"2023-06-14T20:17:58","guid":{"rendered":"https:\/\/aukinkochile.com\/web\/producto\/arte-lapices-pinceles-jumbo-glitter-5-pz\/"},"modified":"2025-11-06T18:38:20","modified_gmt":"2025-11-06T18:38:20","slug":"arte-lapices-pinceles-jumbo-glitter-5-pz","status":"publish","type":"product","link":"https:\/\/aukinkochile.com\/web\/producto\/arte-lapices-pinceles-jumbo-glitter-5-pz\/","title":{"rendered":"L\u00e1pices Pinceles Jumbo Glitter 5 pz"},"content":{"rendered":"<p>Set de 5 l\u00e1pices con pintura. No ensucian ya que la pintura esta en el pincel. Simplemente coloque el l\u00e1piz pincel en el papel, apriete y cepille ligeramente con movimientos suaves y f\u00e1ciles. Recargable.<\/p>\n<p><p><strong>Material : <\/strong> Pl\u00e1stico<\/p>\n<p><strong>C\u00f3digo Aukinko : <\/strong> 08-21001514<\/p>\n<p><strong>C\u00f3digo Convenio Marco : <\/strong> x<\/p>\n","protected":false},"excerpt":{"rendered":"<p>Set de 5 l\u00e1pices con pintura. No ensucian ya que la pintura esta en el pincel. Simplemente coloque el l\u00e1piz pincel en el papel, apriete y cepille ligeramente con movimientos suaves y f\u00e1ciles. Recargable. Material : Pl\u00e1stico C\u00f3digo Aukinko : 08-21001514 C\u00f3digo Convenio Marco : x<\/p>\n","protected":false},"featured_media":625206,"comment_status":"open","ping_status":"closed","template":"","meta":{"_et_pb_use_builder":"","_et_pb_old_content":"","_et_gb_content_width":""},"product_brand":[],"product_cat":[21],"product_tag":[],"class_list":{"0":"post-622380","1":"product","2":"type-product","3":"status-publish","4":"has-post-thumbnail","6":"product_cat-arte-y-manipulacion","7":"pa_edad-3-a-4-anos","8":"pa_edad-4-a-5-anos","9":"pa_edad-5-a-6-anos","10":"pa_marca-galt","11":"pa_medidas-15-x-14","12":"pa_medidas-6-x-2-cm","14":"first","15":"instock","16":"shipping-taxable","17":"purchasable","18":"product-type-simple"},"aioseo_notices":[],"_links":{"self":[{"href":"https:\/\/aukinkochile.com\/web\/wp-json\/wp\/v2\/product\/622380","targetHints":{"allow":["GET"]}}],"collection":[{"href":"https:\/\/aukinkochile.com\/web\/wp-json\/wp\/v2\/product"}],"about":[{"href":"https:\/\/aukinkochile.com\/web\/wp-json\/wp\/v2\/types\/product"}],"replies":[{"embeddable":true,"href":"https:\/\/aukinkochile.com\/web\/wp-json\/wp\/v2\/comments?post=622380"}],"wp:featuredmedia":[{"embeddable":true,"href":"https:\/\/aukinkochile.com\/web\/wp-json\/wp\/v2\/media\/625206"}],"wp:attachment":[{"href":"https:\/\/aukinkochile.com\/web\/wp-json\/wp\/v2\/media?parent=622380"}],"wp:term":[{"taxonomy":"product_brand","embeddable":true,"href":"https:\/\/aukinkochile.com\/web\/wp-json\/wp\/v2\/product_brand?post=622380"},{"taxonomy":"product_cat","embeddable":true,"href":"https:\/\/aukinkochile.com\/web\/wp-json\/wp\/v2\/product_cat?post=622380"},{"taxonomy":"product_tag","embeddable":true,"href":"https:\/\/aukinkochile.com\/web\/wp-json\/wp\/v2\/product_tag?post=622380"}],"curies":[{"name":"wp","href":"https:\/\/api.w.org\/{rel}","templated":true}]}}