{"id":622358,"date":"2023-06-14T20:17:50","date_gmt":"2023-06-14T20:17:50","guid":{"rendered":"https:\/\/aukinkochile.com\/web\/producto\/arte-pincel-grande-plastico-c-u\/"},"modified":"2025-11-06T18:37:51","modified_gmt":"2025-11-06T18:37:51","slug":"arte-pincel-grande-plastico-c-u","status":"publish","type":"product","link":"https:\/\/aukinkochile.com\/web\/producto\/arte-pincel-grande-plastico-c-u\/","title":{"rendered":"Pincel Grande Pl\u00e1stico c\/u"},"content":{"rendered":"<p>Un pincel ideal para ser el primer pincel. Con un mango de f\u00e1cil agarre para las manos peque\u00f1as. Con cerdas de nylon para una mayor durabilidad. Colores surtidos. Precio por unidad.<\/p>\n<p><p><strong>Material : <\/strong> Pl\u00e1stico<\/p>\n<p><strong>C\u00f3digo Aukinko : <\/strong> 08-21000780<\/p>\n<p><strong>C\u00f3digo Convenio Marco : <\/strong> x<\/p>\n","protected":false},"excerpt":{"rendered":"<p>Un pincel ideal para ser el primer pincel. Con un mango de f\u00e1cil agarre para las manos peque\u00f1as. Con cerdas de nylon para una mayor durabilidad. Colores surtidos. Precio por unidad. Material : Pl\u00e1stico C\u00f3digo Aukinko : 08-21000780 C\u00f3digo Convenio Marco : x<\/p>\n","protected":false},"featured_media":625198,"comment_status":"open","ping_status":"closed","template":"","meta":{"_et_pb_use_builder":"","_et_pb_old_content":"","_et_gb_content_width":""},"product_brand":[],"product_cat":[91,21],"product_tag":[],"class_list":{"0":"post-622358","1":"product","2":"type-product","3":"status-publish","4":"has-post-thumbnail","6":"product_cat-accesorios-sala","7":"product_cat-arte-y-manipulacion","8":"pa_edad-3-a-4-anos","9":"pa_edad-4-a-5-anos","10":"pa_edad-5-a-6-anos","11":"pa_edad-6-a-8-anos","12":"pa_marca-galt","13":"pa_medidas-19-x-1","14":"pa_medidas-5-cm-diametro","16":"first","17":"instock","18":"shipping-taxable","19":"purchasable","20":"product-type-simple"},"aioseo_notices":[],"_links":{"self":[{"href":"https:\/\/aukinkochile.com\/web\/wp-json\/wp\/v2\/product\/622358","targetHints":{"allow":["GET"]}}],"collection":[{"href":"https:\/\/aukinkochile.com\/web\/wp-json\/wp\/v2\/product"}],"about":[{"href":"https:\/\/aukinkochile.com\/web\/wp-json\/wp\/v2\/types\/product"}],"replies":[{"embeddable":true,"href":"https:\/\/aukinkochile.com\/web\/wp-json\/wp\/v2\/comments?post=622358"}],"wp:featuredmedia":[{"embeddable":true,"href":"https:\/\/aukinkochile.com\/web\/wp-json\/wp\/v2\/media\/625198"}],"wp:attachment":[{"href":"https:\/\/aukinkochile.com\/web\/wp-json\/wp\/v2\/media?parent=622358"}],"wp:term":[{"taxonomy":"product_brand","embeddable":true,"href":"https:\/\/aukinkochile.com\/web\/wp-json\/wp\/v2\/product_brand?post=622358"},{"taxonomy":"product_cat","embeddable":true,"href":"https:\/\/aukinkochile.com\/web\/wp-json\/wp\/v2\/product_cat?post=622358"},{"taxonomy":"product_tag","embeddable":true,"href":"https:\/\/aukinkochile.com\/web\/wp-json\/wp\/v2\/product_tag?post=622358"}],"curies":[{"name":"wp","href":"https:\/\/api.w.org\/{rel}","templated":true}]}}