{"id":622337,"date":"2023-06-14T16:44:46","date_gmt":"2023-06-14T16:44:46","guid":{"rendered":"https:\/\/aukinkochile.com\/web\/producto\/mosaico-48-patrones\/"},"modified":"2025-04-14T17:36:57","modified_gmt":"2025-04-14T17:36:57","slug":"mosaico-48-patrones","status":"publish","type":"product","link":"https:\/\/aukinkochile.com\/web\/producto\/mosaico-48-patrones\/","title":{"rendered":"Mosaico 48 Patrones"},"content":{"rendered":"<p>48 tarjetas de patrones de colores impreso en la parte posterior para insertar detr\u00e1s de las placas de botones. Todas las ilustraciones han sido especialmente dise\u00f1adas para un f\u00e1cil reconocimiento de la silueta. 29 x 24,5 cm c\/d tarjeta.<\/p>\n<p><p><strong>Material : <\/strong> Cart\u00f3n Duro<\/p>\n<p><strong>C\u00f3digo Aukinko : <\/strong> 07-52437<\/p>\n<p><strong>C\u00f3digo Convenio Marco : <\/strong> <\/p>\n","protected":false},"excerpt":{"rendered":"<p>48 tarjetas de patrones de colores impreso en la parte posterior para insertar detr\u00e1s de las placas de botones. Todas las ilustraciones han sido especialmente dise\u00f1adas para un f\u00e1cil reconocimiento de la silueta. 29 x 24,5 cm c\/d tarjeta. Material : Cart\u00f3n Duro C\u00f3digo Aukinko : 07-52437 C\u00f3digo Convenio Marco :<\/p>\n","protected":false},"featured_media":626458,"comment_status":"open","ping_status":"closed","template":"","meta":{"_et_pb_use_builder":"","_et_pb_old_content":"","_et_gb_content_width":""},"product_brand":[],"product_cat":[91,21,150,20],"product_tag":[],"class_list":{"0":"post-622337","1":"product","2":"type-product","3":"status-publish","4":"has-post-thumbnail","6":"product_cat-accesorios-sala","7":"product_cat-arte-y-manipulacion","8":"product_cat-asociacion-y-logica","9":"product_cat-motricidad-fina","10":"pa_edad-2-a-3-anos","11":"pa_edad-3-a-4-anos","12":"pa_marca-quercetti","13":"pa_medidas-29-x-24","14":"pa_medidas-5-cm-bolsa","15":"pa_medidas-5-x-1","17":"first","18":"instock","19":"shipping-taxable","20":"purchasable","21":"product-type-simple"},"aioseo_notices":[],"_links":{"self":[{"href":"https:\/\/aukinkochile.com\/web\/wp-json\/wp\/v2\/product\/622337","targetHints":{"allow":["GET"]}}],"collection":[{"href":"https:\/\/aukinkochile.com\/web\/wp-json\/wp\/v2\/product"}],"about":[{"href":"https:\/\/aukinkochile.com\/web\/wp-json\/wp\/v2\/types\/product"}],"replies":[{"embeddable":true,"href":"https:\/\/aukinkochile.com\/web\/wp-json\/wp\/v2\/comments?post=622337"}],"wp:featuredmedia":[{"embeddable":true,"href":"https:\/\/aukinkochile.com\/web\/wp-json\/wp\/v2\/media\/626458"}],"wp:attachment":[{"href":"https:\/\/aukinkochile.com\/web\/wp-json\/wp\/v2\/media?parent=622337"}],"wp:term":[{"taxonomy":"product_brand","embeddable":true,"href":"https:\/\/aukinkochile.com\/web\/wp-json\/wp\/v2\/product_brand?post=622337"},{"taxonomy":"product_cat","embeddable":true,"href":"https:\/\/aukinkochile.com\/web\/wp-json\/wp\/v2\/product_cat?post=622337"},{"taxonomy":"product_tag","embeddable":true,"href":"https:\/\/aukinkochile.com\/web\/wp-json\/wp\/v2\/product_tag?post=622337"}],"curies":[{"name":"wp","href":"https:\/\/api.w.org\/{rel}","templated":true}]}}