{"id":622287,"date":"2023-06-06T21:30:46","date_gmt":"2023-06-06T21:30:46","guid":{"rendered":"https:\/\/aukinkochile.com\/web\/producto\/bolso-de-viaje-caperucita-roja\/"},"modified":"2025-07-28T16:48:59","modified_gmt":"2025-07-28T16:48:59","slug":"bolso-de-viaje-caperucita-roja","status":"publish","type":"product","link":"https:\/\/aukinkochile.com\/web\/producto\/bolso-de-viaje-caperucita-roja\/","title":{"rendered":"Bolso de Viaje Caperucita Roja"},"content":{"rendered":"<p>Bolsa de viaje perfecta para los peque\u00f1os aventureros. Viene con dos asas y una correa ajustable para el hombro y una bonita etiqueta de identificaci\u00f3n. Resulta tambi\u00e9n muy practica para actividades deportivas.<\/p>\n<p><p><strong>Material : <\/strong> Genero<\/p>\n<p><strong>C\u00f3digo Aukinko : <\/strong> 09-784417<\/p>\n<p><strong>C\u00f3digo Convenio Marco : <\/strong> x<\/p>\n","protected":false},"excerpt":{"rendered":"<p>Bolsa de viaje perfecta para los peque\u00f1os aventureros. Viene con dos asas y una correa ajustable para el hombro y una bonita etiqueta de identificaci\u00f3n. Resulta tambi\u00e9n muy practica para actividades deportivas. Material : Genero C\u00f3digo Aukinko : 09-784417 C\u00f3digo Convenio Marco : x<\/p>\n","protected":false},"featured_media":626871,"comment_status":"open","ping_status":"closed","template":"","meta":{"_et_pb_use_builder":"","_et_pb_old_content":"","_et_gb_content_width":""},"product_brand":[],"product_cat":[21,148],"product_tag":[],"class_list":{"0":"post-622287","1":"product","2":"type-product","3":"status-publish","4":"has-post-thumbnail","6":"product_cat-arte-y-manipulacion","7":"product_cat-deportes","8":"pa_edad-10-anos","9":"pa_edad-3-a-4-anos","10":"pa_edad-4-a-5-anos","11":"pa_edad-5-a-6-anos","12":"pa_edad-6-a-8-anos","13":"pa_edad-8-a-10-anos","14":"pa_marca-lilliputiens","15":"pa_medidas-40-x-22-cm","17":"first","18":"instock","19":"shipping-taxable","20":"purchasable","21":"product-type-simple"},"aioseo_notices":[],"_links":{"self":[{"href":"https:\/\/aukinkochile.com\/web\/wp-json\/wp\/v2\/product\/622287","targetHints":{"allow":["GET"]}}],"collection":[{"href":"https:\/\/aukinkochile.com\/web\/wp-json\/wp\/v2\/product"}],"about":[{"href":"https:\/\/aukinkochile.com\/web\/wp-json\/wp\/v2\/types\/product"}],"replies":[{"embeddable":true,"href":"https:\/\/aukinkochile.com\/web\/wp-json\/wp\/v2\/comments?post=622287"}],"wp:featuredmedia":[{"embeddable":true,"href":"https:\/\/aukinkochile.com\/web\/wp-json\/wp\/v2\/media\/626871"}],"wp:attachment":[{"href":"https:\/\/aukinkochile.com\/web\/wp-json\/wp\/v2\/media?parent=622287"}],"wp:term":[{"taxonomy":"product_brand","embeddable":true,"href":"https:\/\/aukinkochile.com\/web\/wp-json\/wp\/v2\/product_brand?post=622287"},{"taxonomy":"product_cat","embeddable":true,"href":"https:\/\/aukinkochile.com\/web\/wp-json\/wp\/v2\/product_cat?post=622287"},{"taxonomy":"product_tag","embeddable":true,"href":"https:\/\/aukinkochile.com\/web\/wp-json\/wp\/v2\/product_tag?post=622287"}],"curies":[{"name":"wp","href":"https:\/\/api.w.org\/{rel}","templated":true}]}}