{"id":619088,"date":"2023-04-27T17:15:02","date_gmt":"2023-04-27T17:15:02","guid":{"rendered":"https:\/\/aukinkochile.com\/web\/producto\/estuche-bicicleta-louise\/"},"modified":"2025-07-28T16:48:57","modified_gmt":"2025-07-28T16:48:57","slug":"estuche-bicicleta-louise","status":"publish","type":"product","link":"https:\/\/aukinkochile.com\/web\/producto\/estuche-bicicleta-louise\/","title":{"rendered":"Estuche Bicicleta Louise"},"content":{"rendered":"<p>Aseg\u00farate de que tu peque\u00f1a se ponga en camino con estilo con esta preciosa bolsa para la bici de Louise. La bolsa se ha dise\u00f1ado para colocarse en bicicletas y patinetes, y es perfecta para llevar los b\u00e1sicos necesarios.<\/p>\n<p><p><strong>Material : <\/strong> Genero<\/p>\n<p><strong>C\u00f3digo Aukinko : <\/strong> 09-784406<\/p>\n<p><strong>C\u00f3digo Convenio Marco : <\/strong> x<\/p>\n","protected":false},"excerpt":{"rendered":"<p>Aseg\u00farate de que tu peque\u00f1a se ponga en camino con estilo con esta preciosa bolsa para la bici de Louise. La bolsa se ha dise\u00f1ado para colocarse en bicicletas y patinetes, y es perfecta para llevar los b\u00e1sicos necesarios. Material : Genero C\u00f3digo Aukinko : 09-784406 C\u00f3digo Convenio Marco : x<\/p>\n","protected":false},"featured_media":626870,"comment_status":"open","ping_status":"closed","template":"","meta":{"_et_pb_use_builder":"","_et_pb_old_content":"","_et_gb_content_width":""},"product_brand":[],"product_cat":[21],"product_tag":[],"class_list":{"0":"post-619088","1":"product","2":"type-product","3":"status-publish","4":"has-post-thumbnail","6":"product_cat-arte-y-manipulacion","7":"pa_edad-10-anos","8":"pa_edad-3-a-4-anos","9":"pa_edad-4-a-5-anos","10":"pa_edad-5-a-6-anos","11":"pa_edad-6-a-8-anos","12":"pa_edad-8-a-10-anos","13":"pa_marca-lilliputiens","14":"pa_medidas-10-x-24-x-10-cm","16":"first","17":"instock","18":"shipping-taxable","19":"purchasable","20":"product-type-simple"},"aioseo_notices":[],"_links":{"self":[{"href":"https:\/\/aukinkochile.com\/web\/wp-json\/wp\/v2\/product\/619088","targetHints":{"allow":["GET"]}}],"collection":[{"href":"https:\/\/aukinkochile.com\/web\/wp-json\/wp\/v2\/product"}],"about":[{"href":"https:\/\/aukinkochile.com\/web\/wp-json\/wp\/v2\/types\/product"}],"replies":[{"embeddable":true,"href":"https:\/\/aukinkochile.com\/web\/wp-json\/wp\/v2\/comments?post=619088"}],"wp:featuredmedia":[{"embeddable":true,"href":"https:\/\/aukinkochile.com\/web\/wp-json\/wp\/v2\/media\/626870"}],"wp:attachment":[{"href":"https:\/\/aukinkochile.com\/web\/wp-json\/wp\/v2\/media?parent=619088"}],"wp:term":[{"taxonomy":"product_brand","embeddable":true,"href":"https:\/\/aukinkochile.com\/web\/wp-json\/wp\/v2\/product_brand?post=619088"},{"taxonomy":"product_cat","embeddable":true,"href":"https:\/\/aukinkochile.com\/web\/wp-json\/wp\/v2\/product_cat?post=619088"},{"taxonomy":"product_tag","embeddable":true,"href":"https:\/\/aukinkochile.com\/web\/wp-json\/wp\/v2\/product_tag?post=619088"}],"curies":[{"name":"wp","href":"https:\/\/api.w.org\/{rel}","templated":true}]}}