{"id":615121,"date":"2023-03-17T15:19:13","date_gmt":"2023-03-17T15:19:13","guid":{"rendered":"https:\/\/aukinkochile.com\/web\/producto\/vehiculo-tractor-rosalie\/"},"modified":"2025-07-28T16:48:30","modified_gmt":"2025-07-28T16:48:30","slug":"vehiculo-tractor-rosalie","status":"publish","type":"product","link":"https:\/\/aukinkochile.com\/web\/producto\/vehiculo-tractor-rosalie\/","title":{"rendered":"Veh\u00edculo Tractor Rosalie"},"content":{"rendered":"<p>La vaca Rosalie transporta a dos cerditos en su tractor. Los lleva de nuevo a la granja. Mientras los felices cerdos se intentan abrir paso por el barro, Rosalie conduce por el campo. Con este tractor (fabricado con madera y neopreno) y sus pasajeros, tu peque\u00f1o imaginar\u00e1 y vivir\u00e1 las m\u00e1s divertidas aventuras. Dise\u00f1ado en material suave y resistente.<\/p>\n<p><p><strong>Material : <\/strong> Madera y Neopreno<\/p>\n<p><strong>C\u00f3digo Aukinko : <\/strong> 09-783233<\/p>\n<p><strong>C\u00f3digo Convenio Marco : <\/strong> x<\/p>\n","protected":false},"excerpt":{"rendered":"<p>La vaca Rosalie transporta a dos cerditos en su tractor. Los lleva de nuevo a la granja. Mientras los felices cerdos se intentan abrir paso por el barro, Rosalie conduce por el campo. Con este tractor (fabricado con madera y neopreno) y sus pasajeros, tu peque\u00f1o imaginar\u00e1 y vivir\u00e1 las m\u00e1s divertidas aventuras. Dise\u00f1ado en [&hellip;]<\/p>\n","protected":false},"featured_media":626862,"comment_status":"open","ping_status":"closed","template":"","meta":{"_et_pb_use_builder":"","_et_pb_old_content":"","_et_gb_content_width":""},"product_brand":[],"product_cat":[17,20],"product_tag":[],"class_list":{"0":"post-615121","1":"product","2":"type-product","3":"status-publish","4":"has-post-thumbnail","6":"product_cat-juegos-de-rol","7":"product_cat-motricidad-fina","8":"pa_edad-3-a-4-anos","9":"pa_edad-4-a-5-anos","10":"pa_edad-5-a-6-anos","11":"pa_marca-lilliputiens","12":"pa_medidas-25-x-13-x-14-cm","14":"first","15":"instock","16":"shipping-taxable","17":"purchasable","18":"product-type-simple"},"aioseo_notices":[],"_links":{"self":[{"href":"https:\/\/aukinkochile.com\/web\/wp-json\/wp\/v2\/product\/615121","targetHints":{"allow":["GET"]}}],"collection":[{"href":"https:\/\/aukinkochile.com\/web\/wp-json\/wp\/v2\/product"}],"about":[{"href":"https:\/\/aukinkochile.com\/web\/wp-json\/wp\/v2\/types\/product"}],"replies":[{"embeddable":true,"href":"https:\/\/aukinkochile.com\/web\/wp-json\/wp\/v2\/comments?post=615121"}],"wp:featuredmedia":[{"embeddable":true,"href":"https:\/\/aukinkochile.com\/web\/wp-json\/wp\/v2\/media\/626862"}],"wp:attachment":[{"href":"https:\/\/aukinkochile.com\/web\/wp-json\/wp\/v2\/media?parent=615121"}],"wp:term":[{"taxonomy":"product_brand","embeddable":true,"href":"https:\/\/aukinkochile.com\/web\/wp-json\/wp\/v2\/product_brand?post=615121"},{"taxonomy":"product_cat","embeddable":true,"href":"https:\/\/aukinkochile.com\/web\/wp-json\/wp\/v2\/product_cat?post=615121"},{"taxonomy":"product_tag","embeddable":true,"href":"https:\/\/aukinkochile.com\/web\/wp-json\/wp\/v2\/product_tag?post=615121"}],"curies":[{"name":"wp","href":"https:\/\/api.w.org\/{rel}","templated":true}]}}