{"id":613199,"date":"2023-02-24T18:48:09","date_gmt":"2023-02-24T18:48:09","guid":{"rendered":"https:\/\/aukinkochile.com\/web\/producto\/pouff-pera\/"},"modified":"2024-04-29T20:49:47","modified_gmt":"2024-04-29T20:49:47","slug":"pouff-pera","status":"publish","type":"product","link":"https:\/\/aukinkochile.com\/web\/producto\/pouff-pera\/","title":{"rendered":"Pouff Pera"},"content":{"rendered":"<p>Especialmente dise\u00f1ado para grupos. De alta resistencia, f\u00e1cil de mantener y limpiar. (Stock limitado, preguntar por si necesita mas de una unidad)<\/p>\n<p><p><strong>Material : <\/strong> Polipropileno<\/p>\n<p><strong>C\u00f3digo Aukinko : <\/strong> 08-7137674<\/p>\n<p><strong>C\u00f3digo Convenio Marco : <\/strong> x<\/p>\n","protected":false},"excerpt":{"rendered":"<p>Especialmente dise\u00f1ado para grupos. De alta resistencia, f\u00e1cil de mantener y limpiar. (Stock limitado, preguntar por si necesita mas de una unidad) Material : Polipropileno C\u00f3digo Aukinko : 08-7137674 C\u00f3digo Convenio Marco : x<\/p>\n","protected":false},"featured_media":625880,"comment_status":"open","ping_status":"closed","template":"","meta":{"_et_pb_use_builder":"","_et_pb_old_content":"","_et_gb_content_width":""},"product_brand":[],"product_cat":[91],"product_tag":[],"class_list":{"0":"post-613199","1":"product","2":"type-product","3":"status-publish","4":"has-post-thumbnail","6":"product_cat-accesorios-sala","7":"pa_edad-1-a-2-anos","8":"pa_edad-2-a-3-anos","9":"pa_edad-3-a-4-anos","10":"pa_edad-4-a-5-anos","11":"pa_edad-5-a-6-anos","12":"pa_edad-6-a-8-anos","13":"pa_marca-wesco","14":"pa_medidas-55-x-85-cm","16":"first","17":"instock","18":"shipping-taxable","19":"purchasable","20":"product-type-simple"},"aioseo_notices":[],"_links":{"self":[{"href":"https:\/\/aukinkochile.com\/web\/wp-json\/wp\/v2\/product\/613199","targetHints":{"allow":["GET"]}}],"collection":[{"href":"https:\/\/aukinkochile.com\/web\/wp-json\/wp\/v2\/product"}],"about":[{"href":"https:\/\/aukinkochile.com\/web\/wp-json\/wp\/v2\/types\/product"}],"replies":[{"embeddable":true,"href":"https:\/\/aukinkochile.com\/web\/wp-json\/wp\/v2\/comments?post=613199"}],"wp:featuredmedia":[{"embeddable":true,"href":"https:\/\/aukinkochile.com\/web\/wp-json\/wp\/v2\/media\/625880"}],"wp:attachment":[{"href":"https:\/\/aukinkochile.com\/web\/wp-json\/wp\/v2\/media?parent=613199"}],"wp:term":[{"taxonomy":"product_brand","embeddable":true,"href":"https:\/\/aukinkochile.com\/web\/wp-json\/wp\/v2\/product_brand?post=613199"},{"taxonomy":"product_cat","embeddable":true,"href":"https:\/\/aukinkochile.com\/web\/wp-json\/wp\/v2\/product_cat?post=613199"},{"taxonomy":"product_tag","embeddable":true,"href":"https:\/\/aukinkochile.com\/web\/wp-json\/wp\/v2\/product_tag?post=613199"}],"curies":[{"name":"wp","href":"https:\/\/api.w.org\/{rel}","templated":true}]}}