{"id":611097,"date":"2023-01-31T23:19:06","date_gmt":"2023-01-31T23:19:06","guid":{"rendered":"https:\/\/aukinkochile.com\/web\/producto\/bloques-redondos-24-pz\/"},"modified":"2023-10-20T19:16:29","modified_gmt":"2023-10-20T19:16:29","slug":"bloques-redondos-24-pz","status":"publish","type":"product","link":"https:\/\/aukinkochile.com\/web\/producto\/bloques-redondos-24-pz\/","title":{"rendered":"Bloques Redondos 24 Pz"},"content":{"rendered":"<p>Divertido set de construcci\u00f3n de 24 piezas. Con estas formas los ni\u00f1os podr\u00e1n pasar horas de diversi\u00f3n. De material suave y resistente.<\/p>\n<p><p><strong>Material : <\/strong> PLASTICO<\/p>\n<p><strong>C\u00f3digo Aukinko : <\/strong> 17-340201<\/p>\n<p><strong>C\u00f3digo Convenio Marco : <\/strong> <\/p>\n","protected":false},"excerpt":{"rendered":"<p>Divertido set de construcci\u00f3n de 24 piezas. Con estas formas los ni\u00f1os podr\u00e1n pasar horas de diversi\u00f3n. De material suave y resistente. Material : PLASTICO C\u00f3digo Aukinko : 17-340201 C\u00f3digo Convenio Marco :<\/p>\n","protected":false},"featured_media":624652,"comment_status":"open","ping_status":"closed","template":"","meta":{"_et_pb_use_builder":"","_et_pb_old_content":"","_et_gb_content_width":""},"product_brand":[],"product_cat":[91,19,20],"product_tag":[],"class_list":{"0":"post-611097","1":"product","2":"type-product","3":"status-publish","4":"has-post-thumbnail","6":"product_cat-accesorios-sala","7":"product_cat-construccion","8":"product_cat-motricidad-fina","9":"pa_edad-2-a-3-anos","10":"pa_edad-3-a-4-anos","11":"pa_edad-4-a-5-anos","12":"pa_marca-lap","13":"pa_medidas-21-x-28","14":"pa_medidas-5-cm","15":"pa_medidas-5-x-18","17":"first","18":"instock","19":"sale","20":"shipping-taxable","21":"purchasable","22":"product-type-simple"},"aioseo_notices":[],"_links":{"self":[{"href":"https:\/\/aukinkochile.com\/web\/wp-json\/wp\/v2\/product\/611097","targetHints":{"allow":["GET"]}}],"collection":[{"href":"https:\/\/aukinkochile.com\/web\/wp-json\/wp\/v2\/product"}],"about":[{"href":"https:\/\/aukinkochile.com\/web\/wp-json\/wp\/v2\/types\/product"}],"replies":[{"embeddable":true,"href":"https:\/\/aukinkochile.com\/web\/wp-json\/wp\/v2\/comments?post=611097"}],"wp:featuredmedia":[{"embeddable":true,"href":"https:\/\/aukinkochile.com\/web\/wp-json\/wp\/v2\/media\/624652"}],"wp:attachment":[{"href":"https:\/\/aukinkochile.com\/web\/wp-json\/wp\/v2\/media?parent=611097"}],"wp:term":[{"taxonomy":"product_brand","embeddable":true,"href":"https:\/\/aukinkochile.com\/web\/wp-json\/wp\/v2\/product_brand?post=611097"},{"taxonomy":"product_cat","embeddable":true,"href":"https:\/\/aukinkochile.com\/web\/wp-json\/wp\/v2\/product_cat?post=611097"},{"taxonomy":"product_tag","embeddable":true,"href":"https:\/\/aukinkochile.com\/web\/wp-json\/wp\/v2\/product_tag?post=611097"}],"curies":[{"name":"wp","href":"https:\/\/api.w.org\/{rel}","templated":true}]}}