{"id":611074,"date":"2023-01-31T22:35:52","date_gmt":"2023-01-31T22:35:52","guid":{"rendered":"https:\/\/aukinkochile.com\/web\/producto\/encaje-formas-y-colores-payaso-caja\/"},"modified":"2024-12-05T21:45:55","modified_gmt":"2024-12-05T21:45:55","slug":"encaje-formas-y-colores-payaso-caja","status":"publish","type":"product","link":"https:\/\/aukinkochile.com\/web\/producto\/encaje-formas-y-colores-payaso-caja\/","title":{"rendered":"Encaje Formas y Colores Payaso Caja"},"content":{"rendered":"<p>Payaso de encaje de 13 piezas. La superposici\u00f3n de los diversos elementos, que han de coincidir con las formas y colores, atrae y llama la atenci\u00f3n del ni\u00f1o. De material pl\u00e1stico resistente en llamativos colores. Presentaci\u00f3n en caja.<\/p>\n<p><strong>Material : <\/strong> Pl\u00e1stico<\/p>\n<p><strong>C\u00f3digo Aukinko : <\/strong> 18-430202<\/p>\n<p><strong>C\u00f3digo Convenio Marco : x<\/strong><\/p>\n","protected":false},"excerpt":{"rendered":"<p>Payaso de encaje de 13 piezas. La superposici\u00f3n de los diversos elementos, que han de coincidir con las formas y colores, atrae y llama la atenci\u00f3n del ni\u00f1o. De material pl\u00e1stico resistente en llamativos colores. Presentaci\u00f3n en caja. Material : Pl\u00e1stico C\u00f3digo Aukinko : 18-430202 C\u00f3digo Convenio Marco : x<\/p>\n","protected":false},"featured_media":624579,"comment_status":"open","ping_status":"closed","template":"","meta":{"_et_pb_use_builder":"","_et_pb_old_content":"","_et_gb_content_width":""},"product_brand":[],"product_cat":[19,20],"product_tag":[],"class_list":{"0":"post-611074","1":"product","2":"type-product","3":"status-publish","4":"has-post-thumbnail","6":"product_cat-construccion","7":"product_cat-motricidad-fina","8":"pa_edad-3-a-4-anos","9":"pa_edad-4-a-5-anos","10":"pa_edad-5-a-6-anos","11":"pa_marca-mmoi","12":"pa_medidas-25-x-13-x-10-cm","14":"first","15":"instock","16":"sale","17":"shipping-taxable","18":"purchasable","19":"product-type-simple"},"aioseo_notices":[],"_links":{"self":[{"href":"https:\/\/aukinkochile.com\/web\/wp-json\/wp\/v2\/product\/611074","targetHints":{"allow":["GET"]}}],"collection":[{"href":"https:\/\/aukinkochile.com\/web\/wp-json\/wp\/v2\/product"}],"about":[{"href":"https:\/\/aukinkochile.com\/web\/wp-json\/wp\/v2\/types\/product"}],"replies":[{"embeddable":true,"href":"https:\/\/aukinkochile.com\/web\/wp-json\/wp\/v2\/comments?post=611074"}],"wp:featuredmedia":[{"embeddable":true,"href":"https:\/\/aukinkochile.com\/web\/wp-json\/wp\/v2\/media\/624579"}],"wp:attachment":[{"href":"https:\/\/aukinkochile.com\/web\/wp-json\/wp\/v2\/media?parent=611074"}],"wp:term":[{"taxonomy":"product_brand","embeddable":true,"href":"https:\/\/aukinkochile.com\/web\/wp-json\/wp\/v2\/product_brand?post=611074"},{"taxonomy":"product_cat","embeddable":true,"href":"https:\/\/aukinkochile.com\/web\/wp-json\/wp\/v2\/product_cat?post=611074"},{"taxonomy":"product_tag","embeddable":true,"href":"https:\/\/aukinkochile.com\/web\/wp-json\/wp\/v2\/product_tag?post=611074"}],"curies":[{"name":"wp","href":"https:\/\/api.w.org\/{rel}","templated":true}]}}