{"id":611056,"date":"2023-01-31T22:35:48","date_gmt":"2023-01-31T22:35:48","guid":{"rendered":"https:\/\/aukinkochile.com\/web\/producto\/teatro-kamishibai-cuento-gaito\/"},"modified":"2024-03-26T15:32:48","modified_gmt":"2024-03-26T15:32:48","slug":"teatro-kamishibai-cuento-gaito","status":"publish","type":"product","link":"https:\/\/aukinkochile.com\/web\/producto\/teatro-kamishibai-cuento-gaito\/","title":{"rendered":"Teatro Kamishibai Cuento \u00abGaito\u00bb"},"content":{"rendered":"<p>Haruto era un aviador japon\u00e9s que disfrutaba volando por el cielo, hasta que tuvo que pilotar un avi\u00f3n de guerra. Cuando termino aquel horror decidi\u00f3 recorrer el mundo contando Kamishibai y regalando optimismo, alegr\u00eda y sobre todo paz. Idioma espa\u00f1ol, ingl\u00e9s y franc\u00e9s.<\/p>\n<p><p><strong>Material : <\/strong> Cart\u00f3n Plastificado<\/p>\n<p><strong>C\u00f3digo Aukinko : <\/strong> 15-15799<\/p>\n<p><strong>C\u00f3digo Convenio Marco : <\/strong> X<\/p>\n","protected":false},"excerpt":{"rendered":"<p>Haruto era un aviador japon\u00e9s que disfrutaba volando por el cielo, hasta que tuvo que pilotar un avi\u00f3n de guerra. Cuando termino aquel horror decidi\u00f3 recorrer el mundo contando Kamishibai y regalando optimismo, alegr\u00eda y sobre todo paz. Idioma espa\u00f1ol, ingl\u00e9s y franc\u00e9s. Material : Cart\u00f3n Plastificado C\u00f3digo Aukinko : 15-15799 C\u00f3digo Convenio Marco : [&hellip;]<\/p>\n","protected":false},"featured_media":627926,"comment_status":"open","ping_status":"closed","template":"","meta":{"_et_pb_use_builder":"","_et_pb_old_content":"","_et_gb_content_width":""},"product_brand":[],"product_cat":[91,151],"product_tag":[],"class_list":{"0":"post-611056","1":"product","2":"type-product","3":"status-publish","4":"has-post-thumbnail","6":"product_cat-accesorios-sala","7":"product_cat-lenguaje","8":"pa_edad-6-a-8-anos","9":"pa_edad-8-a-10-anos","10":"pa_marca-sieteleguas","11":"pa_medidas-43-x-31-x-0","12":"pa_medidas-5-cm","14":"first","15":"instock","16":"shipping-taxable","17":"purchasable","18":"product-type-simple"},"aioseo_notices":[],"_links":{"self":[{"href":"https:\/\/aukinkochile.com\/web\/wp-json\/wp\/v2\/product\/611056","targetHints":{"allow":["GET"]}}],"collection":[{"href":"https:\/\/aukinkochile.com\/web\/wp-json\/wp\/v2\/product"}],"about":[{"href":"https:\/\/aukinkochile.com\/web\/wp-json\/wp\/v2\/types\/product"}],"replies":[{"embeddable":true,"href":"https:\/\/aukinkochile.com\/web\/wp-json\/wp\/v2\/comments?post=611056"}],"wp:featuredmedia":[{"embeddable":true,"href":"https:\/\/aukinkochile.com\/web\/wp-json\/wp\/v2\/media\/627926"}],"wp:attachment":[{"href":"https:\/\/aukinkochile.com\/web\/wp-json\/wp\/v2\/media?parent=611056"}],"wp:term":[{"taxonomy":"product_brand","embeddable":true,"href":"https:\/\/aukinkochile.com\/web\/wp-json\/wp\/v2\/product_brand?post=611056"},{"taxonomy":"product_cat","embeddable":true,"href":"https:\/\/aukinkochile.com\/web\/wp-json\/wp\/v2\/product_cat?post=611056"},{"taxonomy":"product_tag","embeddable":true,"href":"https:\/\/aukinkochile.com\/web\/wp-json\/wp\/v2\/product_tag?post=611056"}],"curies":[{"name":"wp","href":"https:\/\/api.w.org\/{rel}","templated":true}]}}