{"id":611050,"date":"2023-01-31T22:35:46","date_gmt":"2023-01-31T22:35:46","guid":{"rendered":"https:\/\/aukinkochile.com\/web\/producto\/teatro-kamishibai-cuento-pescadito-pescadito\/"},"modified":"2024-03-26T15:32:47","modified_gmt":"2024-03-26T15:32:47","slug":"teatro-kamishibai-cuento-pescadito-pescadito","status":"publish","type":"product","link":"https:\/\/aukinkochile.com\/web\/producto\/teatro-kamishibai-cuento-pescadito-pescadito\/","title":{"rendered":"Teatro Kamishibai Cuento \u00abPescadito, Pescadito\u00bb"},"content":{"rendered":"<p>14 l\u00e1minas Kamishibai que incluye un CD con sonidos y m\u00fasica original para cada una de las l\u00e1minas. Ahora en 4 idiomas, espa\u00f1ol, ingl\u00e9s, franc\u00e9s y portugu\u00e9s. Un cuento ant\u00e1rtico. En los confines del planeta, los habitantes del polo sur llevan una vida tranquila, apenas rota, de vez en cuando, por alg\u00fan que otro conflicto. En esta ocasi\u00f3n una ballena y un ping\u00fcino se pelean por un pescadito aparecido en la playa. Incluye una l\u00e1mina con marionetas recortables.<\/p>\n<p><p><strong>Material : <\/strong> Cart\u00f3n Plastificado<\/p>\n<p><strong>C\u00f3digo Aukinko : <\/strong> 15-15089<\/p>\n<p><strong>C\u00f3digo Convenio Marco : <\/strong> X<\/p>\n","protected":false},"excerpt":{"rendered":"<p>14 l\u00e1minas Kamishibai que incluye un CD con sonidos y m\u00fasica original para cada una de las l\u00e1minas. Ahora en 4 idiomas, espa\u00f1ol, ingl\u00e9s, franc\u00e9s y portugu\u00e9s. Un cuento ant\u00e1rtico. En los confines del planeta, los habitantes del polo sur llevan una vida tranquila, apenas rota, de vez en cuando, por alg\u00fan que otro conflicto. [&hellip;]<\/p>\n","protected":false},"featured_media":627924,"comment_status":"open","ping_status":"closed","template":"","meta":{"_et_pb_use_builder":"","_et_pb_old_content":"","_et_gb_content_width":""},"product_brand":[],"product_cat":[91,151],"product_tag":[],"class_list":{"0":"post-611050","1":"product","2":"type-product","3":"status-publish","4":"has-post-thumbnail","6":"product_cat-accesorios-sala","7":"product_cat-lenguaje","8":"pa_edad-3-a-4-anos","9":"pa_edad-4-a-5-anos","10":"pa_edad-5-a-6-anos","11":"pa_marca-sieteleguas","12":"pa_medidas-43-x-31-x-0","13":"pa_medidas-5-cm","15":"first","16":"instock","17":"shipping-taxable","18":"purchasable","19":"product-type-simple"},"aioseo_notices":[],"_links":{"self":[{"href":"https:\/\/aukinkochile.com\/web\/wp-json\/wp\/v2\/product\/611050","targetHints":{"allow":["GET"]}}],"collection":[{"href":"https:\/\/aukinkochile.com\/web\/wp-json\/wp\/v2\/product"}],"about":[{"href":"https:\/\/aukinkochile.com\/web\/wp-json\/wp\/v2\/types\/product"}],"replies":[{"embeddable":true,"href":"https:\/\/aukinkochile.com\/web\/wp-json\/wp\/v2\/comments?post=611050"}],"wp:featuredmedia":[{"embeddable":true,"href":"https:\/\/aukinkochile.com\/web\/wp-json\/wp\/v2\/media\/627924"}],"wp:attachment":[{"href":"https:\/\/aukinkochile.com\/web\/wp-json\/wp\/v2\/media?parent=611050"}],"wp:term":[{"taxonomy":"product_brand","embeddable":true,"href":"https:\/\/aukinkochile.com\/web\/wp-json\/wp\/v2\/product_brand?post=611050"},{"taxonomy":"product_cat","embeddable":true,"href":"https:\/\/aukinkochile.com\/web\/wp-json\/wp\/v2\/product_cat?post=611050"},{"taxonomy":"product_tag","embeddable":true,"href":"https:\/\/aukinkochile.com\/web\/wp-json\/wp\/v2\/product_tag?post=611050"}],"curies":[{"name":"wp","href":"https:\/\/api.w.org\/{rel}","templated":true}]}}