{"id":611031,"date":"2023-01-31T22:35:38","date_gmt":"2023-01-31T22:35:38","guid":{"rendered":"https:\/\/aukinkochile.com\/web\/producto\/manualidades-hacer-jabones\/"},"modified":"2024-01-11T18:05:11","modified_gmt":"2024-01-11T18:05:11","slug":"manualidades-hacer-jabones","status":"publish","type":"product","link":"https:\/\/aukinkochile.com\/web\/producto\/manualidades-hacer-jabones\/","title":{"rendered":"Manualidades Hacer Jabones"},"content":{"rendered":"<p>Completo set que incluye todo lo necesario para hacer hermosos jabones. 2 bandejas de moldes con 14 dise\u00f1os diferentes, y 2 barquitos para hacer jabones barco. Jabones con fragancias de manzana, lim\u00f3n, fresa y lavanda. se calienta el jab\u00f3n en el microondas. Manual de instrucciones en espa\u00f1ol.<\/p>\n<p><p><strong>Material : <\/strong> JABON Y PLASTICO<\/p>\n<p><strong>C\u00f3digo Aukinko : <\/strong> 14-43100<\/p>\n<p><strong>C\u00f3digo Convenio Marco : <\/strong> x<\/p>\n","protected":false},"excerpt":{"rendered":"<p>Completo set que incluye todo lo necesario para hacer hermosos jabones. 2 bandejas de moldes con 14 dise\u00f1os diferentes, y 2 barquitos para hacer jabones barco. Jabones con fragancias de manzana, lim\u00f3n, fresa y lavanda. se calienta el jab\u00f3n en el microondas. Manual de instrucciones en espa\u00f1ol. Material : JABON Y PLASTICO C\u00f3digo Aukinko : [&hellip;]<\/p>\n","protected":false},"featured_media":627391,"comment_status":"open","ping_status":"closed","template":"","meta":{"_et_pb_use_builder":"","_et_pb_old_content":"","_et_gb_content_width":""},"product_brand":[],"product_cat":[21],"product_tag":[],"class_list":{"0":"post-611031","1":"product","2":"type-product","3":"status-publish","4":"has-post-thumbnail","6":"product_cat-arte-y-manipulacion","7":"pa_edad-10-anos","8":"pa_marca-stellwag","9":"pa_medidas-30-x-20-x-9","10":"pa_medidas-5-cm","12":"first","13":"instock","14":"sale","15":"shipping-taxable","16":"purchasable","17":"product-type-simple"},"aioseo_notices":[],"_links":{"self":[{"href":"https:\/\/aukinkochile.com\/web\/wp-json\/wp\/v2\/product\/611031","targetHints":{"allow":["GET"]}}],"collection":[{"href":"https:\/\/aukinkochile.com\/web\/wp-json\/wp\/v2\/product"}],"about":[{"href":"https:\/\/aukinkochile.com\/web\/wp-json\/wp\/v2\/types\/product"}],"replies":[{"embeddable":true,"href":"https:\/\/aukinkochile.com\/web\/wp-json\/wp\/v2\/comments?post=611031"}],"wp:featuredmedia":[{"embeddable":true,"href":"https:\/\/aukinkochile.com\/web\/wp-json\/wp\/v2\/media\/627391"}],"wp:attachment":[{"href":"https:\/\/aukinkochile.com\/web\/wp-json\/wp\/v2\/media?parent=611031"}],"wp:term":[{"taxonomy":"product_brand","embeddable":true,"href":"https:\/\/aukinkochile.com\/web\/wp-json\/wp\/v2\/product_brand?post=611031"},{"taxonomy":"product_cat","embeddable":true,"href":"https:\/\/aukinkochile.com\/web\/wp-json\/wp\/v2\/product_cat?post=611031"},{"taxonomy":"product_tag","embeddable":true,"href":"https:\/\/aukinkochile.com\/web\/wp-json\/wp\/v2\/product_tag?post=611031"}],"curies":[{"name":"wp","href":"https:\/\/api.w.org\/{rel}","templated":true}]}}