{"id":611027,"date":"2023-01-31T22:35:37","date_gmt":"2023-01-31T22:35:37","guid":{"rendered":"https:\/\/aukinkochile.com\/web\/producto\/titere-peluche-camaleon\/"},"modified":"2024-01-11T18:05:10","modified_gmt":"2024-01-11T18:05:10","slug":"titere-peluche-camaleon","status":"publish","type":"product","link":"https:\/\/aukinkochile.com\/web\/producto\/titere-peluche-camaleon\/","title":{"rendered":"T\u00edtere Peluche Camale\u00f3n"},"content":{"rendered":"<p>T\u00edtere de peluche camale\u00f3n de gran calidad y dise\u00f1o.<\/p>\n<p><p><strong>Material : <\/strong> PELUCHE<\/p>\n<p><strong>C\u00f3digo Aukinko : <\/strong> 14-340375<\/p>\n<p><strong>C\u00f3digo Convenio Marco : <\/strong> x<\/p>\n","protected":false},"excerpt":{"rendered":"<p>T\u00edtere de peluche camale\u00f3n de gran calidad y dise\u00f1o. Material : PELUCHE C\u00f3digo Aukinko : 14-340375 C\u00f3digo Convenio Marco : x<\/p>\n","protected":false},"featured_media":627389,"comment_status":"open","ping_status":"closed","template":"","meta":{"_et_pb_use_builder":"","_et_pb_old_content":"","_et_gb_content_width":""},"product_brand":[],"product_cat":[212],"product_tag":[],"class_list":{"0":"post-611027","1":"product","2":"type-product","3":"status-publish","4":"has-post-thumbnail","6":"product_cat-munecos-y-figuras","7":"pa_edad-3-a-4-anos","8":"pa_edad-4-a-5-anos","9":"pa_edad-5-a-6-anos","10":"pa_edad-6-a-8-anos","11":"pa_marca-beleduc","12":"pa_medidas-30-cm","14":"first","15":"instock","16":"sale","17":"shipping-taxable","18":"purchasable","19":"product-type-simple"},"aioseo_notices":[],"_links":{"self":[{"href":"https:\/\/aukinkochile.com\/web\/wp-json\/wp\/v2\/product\/611027","targetHints":{"allow":["GET"]}}],"collection":[{"href":"https:\/\/aukinkochile.com\/web\/wp-json\/wp\/v2\/product"}],"about":[{"href":"https:\/\/aukinkochile.com\/web\/wp-json\/wp\/v2\/types\/product"}],"replies":[{"embeddable":true,"href":"https:\/\/aukinkochile.com\/web\/wp-json\/wp\/v2\/comments?post=611027"}],"wp:featuredmedia":[{"embeddable":true,"href":"https:\/\/aukinkochile.com\/web\/wp-json\/wp\/v2\/media\/627389"}],"wp:attachment":[{"href":"https:\/\/aukinkochile.com\/web\/wp-json\/wp\/v2\/media?parent=611027"}],"wp:term":[{"taxonomy":"product_brand","embeddable":true,"href":"https:\/\/aukinkochile.com\/web\/wp-json\/wp\/v2\/product_brand?post=611027"},{"taxonomy":"product_cat","embeddable":true,"href":"https:\/\/aukinkochile.com\/web\/wp-json\/wp\/v2\/product_cat?post=611027"},{"taxonomy":"product_tag","embeddable":true,"href":"https:\/\/aukinkochile.com\/web\/wp-json\/wp\/v2\/product_tag?post=611027"}],"curies":[{"name":"wp","href":"https:\/\/api.w.org\/{rel}","templated":true}]}}