{"id":611022,"date":"2023-01-31T22:35:36","date_gmt":"2023-01-31T22:35:36","guid":{"rendered":"https:\/\/aukinkochile.com\/web\/producto\/puzle-madera-10-pz-aves\/"},"modified":"2026-04-07T16:26:40","modified_gmt":"2026-04-07T16:26:40","slug":"puzle-madera-10-pz-aves","status":"publish","type":"product","link":"https:\/\/aukinkochile.com\/web\/producto\/puzle-madera-10-pz-aves\/","title":{"rendered":"Puzle Madera Tarugo 10 pz Aves"},"content":{"rendered":"<p>Hermoso puzle con tarugos con ilustraciones de diferentes tipos de aves. Con piezas de f\u00e1cil manejo para manos peque\u00f1as. De material suave y resistente.<\/p>\n<p><p><strong>Material : <\/strong> Madera<\/p>\n<p><strong>C\u00f3digo Aukinko : <\/strong> 13-303651<\/p>\n<p><strong>C\u00f3digo Convenio Marco : <\/strong> x<\/p>\n","protected":false},"excerpt":{"rendered":"<p>Hermoso puzle con tarugos con ilustraciones de diferentes tipos de aves. Con piezas de f\u00e1cil manejo para manos peque\u00f1as. De material suave y resistente. Material : Madera C\u00f3digo Aukinko : 13-303651 C\u00f3digo Convenio Marco : x<\/p>\n","protected":false},"featured_media":611021,"comment_status":"open","ping_status":"closed","template":"","meta":{"_et_pb_use_builder":"","_et_pb_old_content":"","_et_gb_content_width":""},"product_brand":[],"product_cat":[20,22],"product_tag":[],"class_list":{"0":"post-611022","1":"product","2":"type-product","3":"status-publish","4":"has-post-thumbnail","6":"product_cat-motricidad-fina","7":"product_cat-puzzles","8":"pa_edad-2-a-3-anos","9":"pa_edad-3-a-4-anos","10":"pa_marca-ravensburger","11":"pa_medidas-4569","12":"pa_medidas-5-cm","13":"pa_medidas-5-x-1","14":"pa_medidas-5-x-20","16":"first","17":"instock","18":"shipping-taxable","19":"purchasable","20":"product-type-simple"},"aioseo_notices":[],"_links":{"self":[{"href":"https:\/\/aukinkochile.com\/web\/wp-json\/wp\/v2\/product\/611022","targetHints":{"allow":["GET"]}}],"collection":[{"href":"https:\/\/aukinkochile.com\/web\/wp-json\/wp\/v2\/product"}],"about":[{"href":"https:\/\/aukinkochile.com\/web\/wp-json\/wp\/v2\/types\/product"}],"replies":[{"embeddable":true,"href":"https:\/\/aukinkochile.com\/web\/wp-json\/wp\/v2\/comments?post=611022"}],"wp:featuredmedia":[{"embeddable":true,"href":"https:\/\/aukinkochile.com\/web\/wp-json\/wp\/v2\/media\/611021"}],"wp:attachment":[{"href":"https:\/\/aukinkochile.com\/web\/wp-json\/wp\/v2\/media?parent=611022"}],"wp:term":[{"taxonomy":"product_brand","embeddable":true,"href":"https:\/\/aukinkochile.com\/web\/wp-json\/wp\/v2\/product_brand?post=611022"},{"taxonomy":"product_cat","embeddable":true,"href":"https:\/\/aukinkochile.com\/web\/wp-json\/wp\/v2\/product_cat?post=611022"},{"taxonomy":"product_tag","embeddable":true,"href":"https:\/\/aukinkochile.com\/web\/wp-json\/wp\/v2\/product_tag?post=611022"}],"curies":[{"name":"wp","href":"https:\/\/api.w.org\/{rel}","templated":true}]}}