{"id":610983,"date":"2023-01-31T22:35:24","date_gmt":"2023-01-31T22:35:24","guid":{"rendered":"https:\/\/aukinkochile.com\/web\/producto\/matematicas-juego-rain-forest\/"},"modified":"2024-01-03T17:05:19","modified_gmt":"2024-01-03T17:05:19","slug":"matematicas-juego-rain-forest","status":"publish","type":"product","link":"https:\/\/aukinkochile.com\/web\/producto\/matematicas-juego-rain-forest\/","title":{"rendered":"Juego de Mesa Rain Forest"},"content":{"rendered":"<p>Set de 72 animales de goma de 6 diferentes especies: leopardo, oso hormiguero, chimpanc\u00e9, boa, mono y tuc\u00e1n, en diferentes colores. Incluye tambi\u00e9n 22 tarjetas de cart\u00f3n de gran tama\u00f1o. Un juego de ciencias y matem\u00e1ticas para los m\u00e1s peque\u00f1os.<\/p>\n<p><p><strong>Material : <\/strong> GOMA Y CARTON<\/p>\n<p><strong>C\u00f3digo Aukinko : <\/strong> 09-40584<\/p>\n<p><strong>C\u00f3digo Convenio Marco : <\/strong> <\/p>\n","protected":false},"excerpt":{"rendered":"<p>Set de 72 animales de goma de 6 diferentes especies: leopardo, oso hormiguero, chimpanc\u00e9, boa, mono y tuc\u00e1n, en diferentes colores. Incluye tambi\u00e9n 22 tarjetas de cart\u00f3n de gran tama\u00f1o. Un juego de ciencias y matem\u00e1ticas para los m\u00e1s peque\u00f1os. Material : GOMA Y CARTON C\u00f3digo Aukinko : 09-40584 C\u00f3digo Convenio Marco :<\/p>\n","protected":false},"featured_media":626799,"comment_status":"open","ping_status":"closed","template":"","meta":{"_et_pb_use_builder":"","_et_pb_old_content":"","_et_gb_content_width":""},"product_brand":[],"product_cat":[90],"product_tag":[],"class_list":{"0":"post-610983","1":"product","2":"type-product","3":"status-publish","4":"has-post-thumbnail","6":"product_cat-matematicas","7":"pa_edad-3-a-4-anos","8":"pa_edad-4-a-5-anos","9":"pa_edad-5-a-6-anos","10":"pa_marca-learning","11":"pa_medidas-32-x-24-x-4-cm","13":"first","14":"instock","15":"sale","16":"shipping-taxable","17":"purchasable","18":"product-type-simple"},"aioseo_notices":[],"_links":{"self":[{"href":"https:\/\/aukinkochile.com\/web\/wp-json\/wp\/v2\/product\/610983","targetHints":{"allow":["GET"]}}],"collection":[{"href":"https:\/\/aukinkochile.com\/web\/wp-json\/wp\/v2\/product"}],"about":[{"href":"https:\/\/aukinkochile.com\/web\/wp-json\/wp\/v2\/types\/product"}],"replies":[{"embeddable":true,"href":"https:\/\/aukinkochile.com\/web\/wp-json\/wp\/v2\/comments?post=610983"}],"wp:featuredmedia":[{"embeddable":true,"href":"https:\/\/aukinkochile.com\/web\/wp-json\/wp\/v2\/media\/626799"}],"wp:attachment":[{"href":"https:\/\/aukinkochile.com\/web\/wp-json\/wp\/v2\/media?parent=610983"}],"wp:term":[{"taxonomy":"product_brand","embeddable":true,"href":"https:\/\/aukinkochile.com\/web\/wp-json\/wp\/v2\/product_brand?post=610983"},{"taxonomy":"product_cat","embeddable":true,"href":"https:\/\/aukinkochile.com\/web\/wp-json\/wp\/v2\/product_cat?post=610983"},{"taxonomy":"product_tag","embeddable":true,"href":"https:\/\/aukinkochile.com\/web\/wp-json\/wp\/v2\/product_tag?post=610983"}],"curies":[{"name":"wp","href":"https:\/\/api.w.org\/{rel}","templated":true}]}}