{"id":610981,"date":"2023-01-31T22:35:23","date_gmt":"2023-01-31T22:35:23","guid":{"rendered":"https:\/\/aukinkochile.com\/web\/producto\/cadenas-patrones\/"},"modified":"2024-01-03T17:05:16","modified_gmt":"2024-01-03T17:05:16","slug":"cadenas-patrones","status":"publish","type":"product","link":"https:\/\/aukinkochile.com\/web\/producto\/cadenas-patrones\/","title":{"rendered":"Cadenas Patrones"},"content":{"rendered":"<p>Aprenda patrones, secuenciaci\u00f3n, habilidades l\u00f3gicas y discriminaci\u00f3n de color con estas tarjetas de actividades de doble cara que muestran v\u00ednculos de tama\u00f1o real. Incluye 16 tarjetas y notas de ense\u00f1anza. Las tarjetas tienen un tama\u00f1o de 30 x 13 cm.<\/p>\n<p><p><strong>Material : <\/strong> CARTON<\/p>\n<p><strong>C\u00f3digo Aukinko : <\/strong> 09-40157<\/p>\n<p><strong>C\u00f3digo Convenio Marco : <\/strong> <\/p>\n","protected":false},"excerpt":{"rendered":"<p>Aprenda patrones, secuenciaci\u00f3n, habilidades l\u00f3gicas y discriminaci\u00f3n de color con estas tarjetas de actividades de doble cara que muestran v\u00ednculos de tama\u00f1o real. Incluye 16 tarjetas y notas de ense\u00f1anza. Las tarjetas tienen un tama\u00f1o de 30 x 13 cm. Material : CARTON C\u00f3digo Aukinko : 09-40157 C\u00f3digo Convenio Marco :<\/p>\n","protected":false},"featured_media":626794,"comment_status":"open","ping_status":"closed","template":"","meta":{"_et_pb_use_builder":"","_et_pb_old_content":"","_et_gb_content_width":""},"product_brand":[],"product_cat":[19,20],"product_tag":[],"class_list":{"0":"post-610981","1":"product","2":"type-product","3":"status-publish","4":"has-post-thumbnail","6":"product_cat-construccion","7":"product_cat-motricidad-fina","8":"pa_edad-4-a-5-anos","9":"pa_edad-5-a-6-anos","10":"pa_marca-learning","11":"pa_medidas-30-x-12-x-1-cm-caja","13":"first","14":"instock","15":"sale","16":"shipping-taxable","17":"purchasable","18":"product-type-simple"},"aioseo_notices":[],"_links":{"self":[{"href":"https:\/\/aukinkochile.com\/web\/wp-json\/wp\/v2\/product\/610981","targetHints":{"allow":["GET"]}}],"collection":[{"href":"https:\/\/aukinkochile.com\/web\/wp-json\/wp\/v2\/product"}],"about":[{"href":"https:\/\/aukinkochile.com\/web\/wp-json\/wp\/v2\/types\/product"}],"replies":[{"embeddable":true,"href":"https:\/\/aukinkochile.com\/web\/wp-json\/wp\/v2\/comments?post=610981"}],"wp:featuredmedia":[{"embeddable":true,"href":"https:\/\/aukinkochile.com\/web\/wp-json\/wp\/v2\/media\/626794"}],"wp:attachment":[{"href":"https:\/\/aukinkochile.com\/web\/wp-json\/wp\/v2\/media?parent=610981"}],"wp:term":[{"taxonomy":"product_brand","embeddable":true,"href":"https:\/\/aukinkochile.com\/web\/wp-json\/wp\/v2\/product_brand?post=610981"},{"taxonomy":"product_cat","embeddable":true,"href":"https:\/\/aukinkochile.com\/web\/wp-json\/wp\/v2\/product_cat?post=610981"},{"taxonomy":"product_tag","embeddable":true,"href":"https:\/\/aukinkochile.com\/web\/wp-json\/wp\/v2\/product_tag?post=610981"}],"curies":[{"name":"wp","href":"https:\/\/api.w.org\/{rel}","templated":true}]}}