{"id":610973,"date":"2023-01-31T22:35:21","date_gmt":"2023-01-31T22:35:21","guid":{"rendered":"https:\/\/aukinkochile.com\/web\/producto\/mesa-de-pool\/"},"modified":"2023-10-23T19:35:37","modified_gmt":"2023-10-23T19:35:37","slug":"mesa-de-pool","status":"publish","type":"product","link":"https:\/\/aukinkochile.com\/web\/producto\/mesa-de-pool\/","title":{"rendered":"Mesa De Pool"},"content":{"rendered":"<p>Juego de pool simplificado. El objetivo es golpear todos los discos de tu propio color hacia los bolsillos de las esquinas. Se requiere ensamblaje. Incluye 39 piezas. De 2 a 4 jugadores. Juego de gran dise\u00f1o y calidad.<\/p>\n<p><p><strong>Material : <\/strong> MADERA Y PLASTICO<\/p>\n<p><strong>C\u00f3digo Aukinko : <\/strong> 07-134002<\/p>\n<p><strong>C\u00f3digo Convenio Marco : <\/strong> <\/p>\n","protected":false},"excerpt":{"rendered":"<p>Juego de pool simplificado. El objetivo es golpear todos los discos de tu propio color hacia los bolsillos de las esquinas. Se requiere ensamblaje. Incluye 39 piezas. De 2 a 4 jugadores. Juego de gran dise\u00f1o y calidad. Material : MADERA Y PLASTICO C\u00f3digo Aukinko : 07-134002 C\u00f3digo Convenio Marco :<\/p>\n","protected":false},"featured_media":610972,"comment_status":"open","ping_status":"closed","template":"","meta":{"_et_pb_use_builder":"","_et_pb_old_content":"","_et_gb_content_width":""},"product_brand":[],"product_cat":[149],"product_tag":[],"class_list":{"0":"post-610973","1":"product","2":"type-product","3":"status-publish","4":"has-post-thumbnail","6":"product_cat-juegos-de-mesa","7":"pa_edad-10-anos","8":"pa_edad-6-a-8-anos","9":"pa_edad-8-a-10-anos","10":"pa_marca-brio","11":"pa_medidas-88-x-88-x-5-cm","13":"first","14":"instock","15":"sale","16":"shipping-taxable","17":"purchasable","18":"product-type-simple"},"aioseo_notices":[],"_links":{"self":[{"href":"https:\/\/aukinkochile.com\/web\/wp-json\/wp\/v2\/product\/610973","targetHints":{"allow":["GET"]}}],"collection":[{"href":"https:\/\/aukinkochile.com\/web\/wp-json\/wp\/v2\/product"}],"about":[{"href":"https:\/\/aukinkochile.com\/web\/wp-json\/wp\/v2\/types\/product"}],"replies":[{"embeddable":true,"href":"https:\/\/aukinkochile.com\/web\/wp-json\/wp\/v2\/comments?post=610973"}],"wp:featuredmedia":[{"embeddable":true,"href":"https:\/\/aukinkochile.com\/web\/wp-json\/wp\/v2\/media\/610972"}],"wp:attachment":[{"href":"https:\/\/aukinkochile.com\/web\/wp-json\/wp\/v2\/media?parent=610973"}],"wp:term":[{"taxonomy":"product_brand","embeddable":true,"href":"https:\/\/aukinkochile.com\/web\/wp-json\/wp\/v2\/product_brand?post=610973"},{"taxonomy":"product_cat","embeddable":true,"href":"https:\/\/aukinkochile.com\/web\/wp-json\/wp\/v2\/product_cat?post=610973"},{"taxonomy":"product_tag","embeddable":true,"href":"https:\/\/aukinkochile.com\/web\/wp-json\/wp\/v2\/product_tag?post=610973"}],"curies":[{"name":"wp","href":"https:\/\/api.w.org\/{rel}","templated":true}]}}