{"id":609348,"date":"2023-01-13T15:30:11","date_gmt":"2023-01-13T15:30:11","guid":{"rendered":"https:\/\/aukinkochile.com\/web\/producto\/aro-tobillo-color-c-u\/"},"modified":"2025-06-26T16:15:13","modified_gmt":"2025-06-26T16:15:13","slug":"aro-tobillo-color-c-u","status":"publish","type":"product","link":"https:\/\/aukinkochile.com\/web\/producto\/aro-tobillo-color-c-u\/","title":{"rendered":"Aro Tobillo Color c\/u"},"content":{"rendered":"<p>Aro para tobillo en 6 colores diferentes. Para desarrollar destrezas motrices y entretenerse. De material resistente y duradero. Colores surtidos. Precio por unidad.<\/p>\n<p><p><strong>Material : <\/strong> Pl\u00e1stico<\/p>\n<p><strong>C\u00f3digo Aukinko : <\/strong> 14-963063<\/p>\n<p><strong>C\u00f3digo Convenio Marco : <\/strong> x<\/p>\n","protected":false},"excerpt":{"rendered":"<p>Aro para tobillo en 6 colores diferentes. Para desarrollar destrezas motrices y entretenerse. De material resistente y duradero. Colores surtidos. Precio por unidad. Material : Pl\u00e1stico C\u00f3digo Aukinko : 14-963063 C\u00f3digo Convenio Marco : x<\/p>\n","protected":false},"featured_media":627914,"comment_status":"open","ping_status":"closed","template":"","meta":{"_et_pb_use_builder":"","_et_pb_old_content":"","_et_gb_content_width":""},"product_brand":[],"product_cat":[1005,148,7385,18],"product_tag":[],"class_list":{"0":"post-609348","1":"product","2":"type-product","3":"status-publish","4":"has-post-thumbnail","6":"product_cat-accesorios-patio","7":"product_cat-deportes","8":"product_cat-estimulacion-cognitiva-y-motora-para-adultos-mayores","9":"product_cat-motricidad-gruesa","10":"pa_edad-10-anos","11":"pa_edad-3-a-4-anos","12":"pa_edad-4-a-5-anos","13":"pa_edad-5-a-6-anos","14":"pa_edad-6-a-8-anos","15":"pa_edad-8-a-10-anos","16":"pa_marca-edx","17":"pa_medidas-79-x-16-cm","19":"first","20":"instock","21":"shipping-taxable","22":"purchasable","23":"product-type-simple"},"aioseo_notices":[],"_links":{"self":[{"href":"https:\/\/aukinkochile.com\/web\/wp-json\/wp\/v2\/product\/609348","targetHints":{"allow":["GET"]}}],"collection":[{"href":"https:\/\/aukinkochile.com\/web\/wp-json\/wp\/v2\/product"}],"about":[{"href":"https:\/\/aukinkochile.com\/web\/wp-json\/wp\/v2\/types\/product"}],"replies":[{"embeddable":true,"href":"https:\/\/aukinkochile.com\/web\/wp-json\/wp\/v2\/comments?post=609348"}],"wp:featuredmedia":[{"embeddable":true,"href":"https:\/\/aukinkochile.com\/web\/wp-json\/wp\/v2\/media\/627914"}],"wp:attachment":[{"href":"https:\/\/aukinkochile.com\/web\/wp-json\/wp\/v2\/media?parent=609348"}],"wp:term":[{"taxonomy":"product_brand","embeddable":true,"href":"https:\/\/aukinkochile.com\/web\/wp-json\/wp\/v2\/product_brand?post=609348"},{"taxonomy":"product_cat","embeddable":true,"href":"https:\/\/aukinkochile.com\/web\/wp-json\/wp\/v2\/product_cat?post=609348"},{"taxonomy":"product_tag","embeddable":true,"href":"https:\/\/aukinkochile.com\/web\/wp-json\/wp\/v2\/product_tag?post=609348"}],"curies":[{"name":"wp","href":"https:\/\/api.w.org\/{rel}","templated":true}]}}