{"id":609342,"date":"2023-01-13T15:30:08","date_gmt":"2023-01-13T15:30:08","guid":{"rendered":"https:\/\/aukinkochile.com\/web\/producto\/almohadillas-formas-sensoriales-4-pz\/"},"modified":"2024-12-05T16:16:38","modified_gmt":"2024-12-05T16:16:38","slug":"almohadillas-formas-sensoriales-4-pz","status":"publish","type":"product","link":"https:\/\/aukinkochile.com\/web\/producto\/almohadillas-formas-sensoriales-4-pz\/","title":{"rendered":"Almohadillas Formas Sensoriales 4 pz"},"content":{"rendered":"<p>Almohadillas en 4 formas diferentes con purpurina en el interior (cuadrado, rect\u00e1ngulo, triangulo y circulo) manipulador sensorial ideal para que los ni\u00f1os aplasten y jueguen mientras se familiarizan con los nombres de las formas geom\u00e9tricas. Tama\u00f1o almohadilla: 12 x 12 cm.<\/p>\n<p><p><strong>Material : <\/strong> Pl\u00e1stico<\/p>\n<p><strong>C\u00f3digo Aukinko : <\/strong> 14-962402<\/p>\n<p><strong>C\u00f3digo Convenio Marco : <\/strong> x<\/p>\n","protected":false},"excerpt":{"rendered":"<p>Almohadillas en 4 formas diferentes con purpurina en el interior (cuadrado, rect\u00e1ngulo, triangulo y circulo) manipulador sensorial ideal para que los ni\u00f1os aplasten y jueguen mientras se familiarizan con los nombres de las formas geom\u00e9tricas. Tama\u00f1o almohadilla: 12 x 12 cm. Material : Pl\u00e1stico C\u00f3digo Aukinko : 14-962402 C\u00f3digo Convenio Marco : x<\/p>\n","protected":false},"featured_media":609341,"comment_status":"open","ping_status":"closed","template":"","meta":{"_et_pb_use_builder":"","_et_pb_old_content":"","_et_gb_content_width":""},"product_brand":[],"product_cat":[90],"product_tag":[],"class_list":{"0":"post-609342","1":"product","2":"type-product","3":"status-publish","4":"has-post-thumbnail","6":"product_cat-matematicas","7":"pa_edad-1-a-2-anos","8":"pa_edad-2-a-3-anos","9":"pa_edad-3-a-4-anos","10":"pa_marca-edx","11":"pa_medidas-18-x-4","12":"pa_medidas-5-x-23-cm","14":"first","15":"instock","16":"shipping-taxable","17":"purchasable","18":"product-type-simple"},"aioseo_notices":[],"_links":{"self":[{"href":"https:\/\/aukinkochile.com\/web\/wp-json\/wp\/v2\/product\/609342","targetHints":{"allow":["GET"]}}],"collection":[{"href":"https:\/\/aukinkochile.com\/web\/wp-json\/wp\/v2\/product"}],"about":[{"href":"https:\/\/aukinkochile.com\/web\/wp-json\/wp\/v2\/types\/product"}],"replies":[{"embeddable":true,"href":"https:\/\/aukinkochile.com\/web\/wp-json\/wp\/v2\/comments?post=609342"}],"wp:featuredmedia":[{"embeddable":true,"href":"https:\/\/aukinkochile.com\/web\/wp-json\/wp\/v2\/media\/609341"}],"wp:attachment":[{"href":"https:\/\/aukinkochile.com\/web\/wp-json\/wp\/v2\/media?parent=609342"}],"wp:term":[{"taxonomy":"product_brand","embeddable":true,"href":"https:\/\/aukinkochile.com\/web\/wp-json\/wp\/v2\/product_brand?post=609342"},{"taxonomy":"product_cat","embeddable":true,"href":"https:\/\/aukinkochile.com\/web\/wp-json\/wp\/v2\/product_cat?post=609342"},{"taxonomy":"product_tag","embeddable":true,"href":"https:\/\/aukinkochile.com\/web\/wp-json\/wp\/v2\/product_tag?post=609342"}],"curies":[{"name":"wp","href":"https:\/\/api.w.org\/{rel}","templated":true}]}}