{"id":609337,"date":"2023-01-13T15:30:02","date_gmt":"2023-01-13T15:30:02","guid":{"rendered":"https:\/\/aukinkochile.com\/web\/producto\/construccion-3d-geostix\/"},"modified":"2025-06-26T16:15:10","modified_gmt":"2025-06-26T16:15:10","slug":"construccion-3d-geostix","status":"publish","type":"product","link":"https:\/\/aukinkochile.com\/web\/producto\/construccion-3d-geostix\/","title":{"rendered":"Construcci\u00f3n 3D Geostix"},"content":{"rendered":"<p>158 barras m\u00e1gicas 3D es un juguete educativo donde los ni\u00f1os pueden construir lentamente el concepto de estereoscopio 3D. Siguiendo las instrucciones los ni\u00f1os pueden ensamblar 8 tipos de estructuras tridimensionales. Incluye manual con actividades. La barra mas larga mide 15 cm. <\/p>\n<p><p><strong>Material : <\/strong> Pl\u00e1stico<\/p>\n<p><strong>C\u00f3digo Aukinko : <\/strong> 14-921380<\/p>\n<p><strong>C\u00f3digo Convenio Marco : <\/strong> x<\/p>\n","protected":false},"excerpt":{"rendered":"<p>158 barras m\u00e1gicas 3D es un juguete educativo donde los ni\u00f1os pueden construir lentamente el concepto de estereoscopio 3D. Siguiendo las instrucciones los ni\u00f1os pueden ensamblar 8 tipos de estructuras tridimensionales. Incluye manual con actividades. La barra mas larga mide 15 cm. Material : Pl\u00e1stico C\u00f3digo Aukinko : 14-921380 C\u00f3digo Convenio Marco : x<\/p>\n","protected":false},"featured_media":609336,"comment_status":"open","ping_status":"closed","template":"","meta":{"_et_pb_use_builder":"","_et_pb_old_content":"","_et_gb_content_width":""},"product_brand":[],"product_cat":[91,19,7385,20],"product_tag":[],"class_list":{"0":"post-609337","1":"product","2":"type-product","3":"status-publish","4":"has-post-thumbnail","6":"product_cat-accesorios-sala","7":"product_cat-construccion","8":"product_cat-estimulacion-cognitiva-y-motora-para-adultos-mayores","9":"product_cat-motricidad-fina","10":"pa_edad-10-anos","11":"pa_edad-5-a-6-anos","12":"pa_edad-6-a-8-anos","13":"pa_edad-8-a-10-anos","14":"pa_marca-edx","15":"pa_medidas-14-x-14-cm","17":"first","18":"instock","19":"shipping-taxable","20":"purchasable","21":"product-type-simple"},"aioseo_notices":[],"_links":{"self":[{"href":"https:\/\/aukinkochile.com\/web\/wp-json\/wp\/v2\/product\/609337","targetHints":{"allow":["GET"]}}],"collection":[{"href":"https:\/\/aukinkochile.com\/web\/wp-json\/wp\/v2\/product"}],"about":[{"href":"https:\/\/aukinkochile.com\/web\/wp-json\/wp\/v2\/types\/product"}],"replies":[{"embeddable":true,"href":"https:\/\/aukinkochile.com\/web\/wp-json\/wp\/v2\/comments?post=609337"}],"wp:featuredmedia":[{"embeddable":true,"href":"https:\/\/aukinkochile.com\/web\/wp-json\/wp\/v2\/media\/609336"}],"wp:attachment":[{"href":"https:\/\/aukinkochile.com\/web\/wp-json\/wp\/v2\/media?parent=609337"}],"wp:term":[{"taxonomy":"product_brand","embeddable":true,"href":"https:\/\/aukinkochile.com\/web\/wp-json\/wp\/v2\/product_brand?post=609337"},{"taxonomy":"product_cat","embeddable":true,"href":"https:\/\/aukinkochile.com\/web\/wp-json\/wp\/v2\/product_cat?post=609337"},{"taxonomy":"product_tag","embeddable":true,"href":"https:\/\/aukinkochile.com\/web\/wp-json\/wp\/v2\/product_tag?post=609337"}],"curies":[{"name":"wp","href":"https:\/\/api.w.org\/{rel}","templated":true}]}}