{"id":609333,"date":"2023-01-13T15:30:01","date_gmt":"2023-01-13T15:30:01","guid":{"rendered":"https:\/\/aukinkochile.com\/web\/producto\/formas-geometricas-solidas-12-pz\/"},"modified":"2024-12-05T16:16:04","modified_gmt":"2024-12-05T16:16:04","slug":"formas-geometricas-solidas-12-pz","status":"publish","type":"product","link":"https:\/\/aukinkochile.com\/web\/producto\/formas-geometricas-solidas-12-pz\/","title":{"rendered":"Formas Geom\u00e9tricas Solidas 12 pz"},"content":{"rendered":"<p>12 bloques geosolidos que incluye cilindro, cono, prisma triangular, pir\u00e1mide cuadrada, pir\u00e1mide triangular, esfera, semiesfera, prisma rectangular, pir\u00e1mide pentagonal, prisma pentagonal y prisma hexagonal. Hecho de pl\u00e1stico duradero con esquinas y bordes redondeados. Base de 8 cm. <\/p>\n<p><p><strong>Material : <\/strong> Pl\u00e1stico<\/p>\n<p><strong>C\u00f3digo Aukinko : <\/strong> 14-921317<\/p>\n<p><strong>C\u00f3digo Convenio Marco : <\/strong> x<\/p>\n","protected":false},"excerpt":{"rendered":"<p>12 bloques geosolidos que incluye cilindro, cono, prisma triangular, pir\u00e1mide cuadrada, pir\u00e1mide triangular, esfera, semiesfera, prisma rectangular, pir\u00e1mide pentagonal, prisma pentagonal y prisma hexagonal. Hecho de pl\u00e1stico duradero con esquinas y bordes redondeados. Base de 8 cm. Material : Pl\u00e1stico C\u00f3digo Aukinko : 14-921317 C\u00f3digo Convenio Marco : x<\/p>\n","protected":false},"featured_media":609332,"comment_status":"open","ping_status":"closed","template":"","meta":{"_et_pb_use_builder":"","_et_pb_old_content":"","_et_gb_content_width":""},"product_brand":[],"product_cat":[91,90],"product_tag":[],"class_list":{"0":"post-609333","1":"product","2":"type-product","3":"status-publish","4":"has-post-thumbnail","6":"product_cat-accesorios-sala","7":"product_cat-matematicas","8":"pa_edad-4-a-5-anos","9":"pa_edad-5-a-6-anos","10":"pa_edad-6-a-8-anos","11":"pa_marca-edx","12":"pa_medidas-28-x-8-x-37-cm","14":"first","15":"instock","16":"shipping-taxable","17":"purchasable","18":"product-type-simple"},"aioseo_notices":[],"_links":{"self":[{"href":"https:\/\/aukinkochile.com\/web\/wp-json\/wp\/v2\/product\/609333","targetHints":{"allow":["GET"]}}],"collection":[{"href":"https:\/\/aukinkochile.com\/web\/wp-json\/wp\/v2\/product"}],"about":[{"href":"https:\/\/aukinkochile.com\/web\/wp-json\/wp\/v2\/types\/product"}],"replies":[{"embeddable":true,"href":"https:\/\/aukinkochile.com\/web\/wp-json\/wp\/v2\/comments?post=609333"}],"wp:featuredmedia":[{"embeddable":true,"href":"https:\/\/aukinkochile.com\/web\/wp-json\/wp\/v2\/media\/609332"}],"wp:attachment":[{"href":"https:\/\/aukinkochile.com\/web\/wp-json\/wp\/v2\/media?parent=609333"}],"wp:term":[{"taxonomy":"product_brand","embeddable":true,"href":"https:\/\/aukinkochile.com\/web\/wp-json\/wp\/v2\/product_brand?post=609333"},{"taxonomy":"product_cat","embeddable":true,"href":"https:\/\/aukinkochile.com\/web\/wp-json\/wp\/v2\/product_cat?post=609333"},{"taxonomy":"product_tag","embeddable":true,"href":"https:\/\/aukinkochile.com\/web\/wp-json\/wp\/v2\/product_tag?post=609333"}],"curies":[{"name":"wp","href":"https:\/\/api.w.org\/{rel}","templated":true}]}}