{"id":609331,"date":"2023-01-13T15:30:00","date_gmt":"2023-01-13T15:30:00","guid":{"rendered":"https:\/\/aukinkochile.com\/web\/producto\/matematicas-geoplano-15-cm-set-6-pz\/"},"modified":"2024-12-05T16:16:03","modified_gmt":"2024-12-05T16:16:03","slug":"matematicas-geoplano-15-cm-set-6-pz","status":"publish","type":"product","link":"https:\/\/aukinkochile.com\/web\/producto\/matematicas-geoplano-15-cm-set-6-pz\/","title":{"rendered":"Matem\u00e1ticas Geoplano 15 cm set 6 pz"},"content":{"rendered":"<p>Set de 6 planchas retractiladas para ejercitar con el\u00e1sticos. De 6 colores distintos y 120 bandas el\u00e1sticas. Especial para el trabajo de conocimiento de las figuras geom\u00e9tricas y la creatividad y la motricidad. 15 x 15 cm c\/u.<\/p>\n<p><p><strong>Material : <\/strong> Pl\u00e1stico<\/p>\n<p><strong>C\u00f3digo Aukinko : <\/strong> 14-920140<\/p>\n<p><strong>C\u00f3digo Convenio Marco : <\/strong> x<\/p>\n","protected":false},"excerpt":{"rendered":"<p>Set de 6 planchas retractiladas para ejercitar con el\u00e1sticos. De 6 colores distintos y 120 bandas el\u00e1sticas. Especial para el trabajo de conocimiento de las figuras geom\u00e9tricas y la creatividad y la motricidad. 15 x 15 cm c\/u. Material : Pl\u00e1stico C\u00f3digo Aukinko : 14-920140 C\u00f3digo Convenio Marco : x<\/p>\n","protected":false},"featured_media":627879,"comment_status":"open","ping_status":"closed","template":"","meta":{"_et_pb_use_builder":"","_et_pb_old_content":"","_et_gb_content_width":""},"product_brand":[],"product_cat":[91,90],"product_tag":[],"class_list":{"0":"post-609331","1":"product","2":"type-product","3":"status-publish","4":"has-post-thumbnail","6":"product_cat-accesorios-sala","7":"product_cat-matematicas","8":"pa_edad-10-anos","9":"pa_edad-6-a-8-anos","10":"pa_edad-8-a-10-anos","11":"pa_marca-edx","12":"pa_medidas-23-x-6-x-23-cm","14":"first","15":"instock","16":"shipping-taxable","17":"purchasable","18":"product-type-simple"},"aioseo_notices":[],"_links":{"self":[{"href":"https:\/\/aukinkochile.com\/web\/wp-json\/wp\/v2\/product\/609331","targetHints":{"allow":["GET"]}}],"collection":[{"href":"https:\/\/aukinkochile.com\/web\/wp-json\/wp\/v2\/product"}],"about":[{"href":"https:\/\/aukinkochile.com\/web\/wp-json\/wp\/v2\/types\/product"}],"replies":[{"embeddable":true,"href":"https:\/\/aukinkochile.com\/web\/wp-json\/wp\/v2\/comments?post=609331"}],"wp:featuredmedia":[{"embeddable":true,"href":"https:\/\/aukinkochile.com\/web\/wp-json\/wp\/v2\/media\/627879"}],"wp:attachment":[{"href":"https:\/\/aukinkochile.com\/web\/wp-json\/wp\/v2\/media?parent=609331"}],"wp:term":[{"taxonomy":"product_brand","embeddable":true,"href":"https:\/\/aukinkochile.com\/web\/wp-json\/wp\/v2\/product_brand?post=609331"},{"taxonomy":"product_cat","embeddable":true,"href":"https:\/\/aukinkochile.com\/web\/wp-json\/wp\/v2\/product_cat?post=609331"},{"taxonomy":"product_tag","embeddable":true,"href":"https:\/\/aukinkochile.com\/web\/wp-json\/wp\/v2\/product_tag?post=609331"}],"curies":[{"name":"wp","href":"https:\/\/api.w.org\/{rel}","templated":true}]}}