{"id":609327,"date":"2023-01-13T15:29:58","date_gmt":"2023-01-13T15:29:58","guid":{"rendered":"https:\/\/aukinkochile.com\/web\/producto\/conchas-transparentes-tactiles\/"},"modified":"2025-06-17T17:40:31","modified_gmt":"2025-06-17T17:40:31","slug":"conchas-transparentes-tactiles","status":"publish","type":"product","link":"https:\/\/aukinkochile.com\/web\/producto\/conchas-transparentes-tactiles\/","title":{"rendered":"Conchas Transparentes T\u00e1ctiles"},"content":{"rendered":"<p>Conchas transparentes con texturas diferentes para desarrollar experiencias sensoriales en los mas peque\u00f1os. Los ni\u00f1os pueden usar 3 de sus 5 sentidos (vista, o\u00eddo y tacto) para explorar estas conchas y participar en juegos sensoriales. Ideal para juegos de caja de luz. 6 dise\u00f1os diferentes en 6 colores. 4 cm de ancho c\/u.<\/p>\n<p><p><strong>Material : <\/strong> Pl\u00e1stico<\/p>\n<p><strong>C\u00f3digo Aukinko : <\/strong> 14-913841<\/p>\n<p><strong>C\u00f3digo Convenio Marco : <\/strong> x<\/p>\n","protected":false},"excerpt":{"rendered":"<p>Conchas transparentes con texturas diferentes para desarrollar experiencias sensoriales en los mas peque\u00f1os. Los ni\u00f1os pueden usar 3 de sus 5 sentidos (vista, o\u00eddo y tacto) para explorar estas conchas y participar en juegos sensoriales. Ideal para juegos de caja de luz. 6 dise\u00f1os diferentes en 6 colores. 4 cm de ancho c\/u. Material : [&hellip;]<\/p>\n","protected":false},"featured_media":609326,"comment_status":"open","ping_status":"closed","template":"","meta":{"_et_pb_use_builder":"","_et_pb_old_content":"","_et_gb_content_width":""},"product_brand":[],"product_cat":[91,150,90],"product_tag":[],"class_list":{"0":"post-609327","1":"product","2":"type-product","3":"status-publish","4":"has-post-thumbnail","6":"product_cat-accesorios-sala","7":"product_cat-asociacion-y-logica","8":"product_cat-matematicas","9":"pa_edad-1-a-2-anos","10":"pa_edad-2-a-3-anos","11":"pa_edad-3-a-4-anos","12":"pa_edad-4-a-5-anos","13":"pa_edad-5-a-6-anos","14":"pa_marca-edx","15":"pa_medidas-15-x-10-x-10-cm","17":"first","18":"instock","19":"shipping-taxable","20":"purchasable","21":"product-type-simple"},"aioseo_notices":[],"_links":{"self":[{"href":"https:\/\/aukinkochile.com\/web\/wp-json\/wp\/v2\/product\/609327","targetHints":{"allow":["GET"]}}],"collection":[{"href":"https:\/\/aukinkochile.com\/web\/wp-json\/wp\/v2\/product"}],"about":[{"href":"https:\/\/aukinkochile.com\/web\/wp-json\/wp\/v2\/types\/product"}],"replies":[{"embeddable":true,"href":"https:\/\/aukinkochile.com\/web\/wp-json\/wp\/v2\/comments?post=609327"}],"wp:featuredmedia":[{"embeddable":true,"href":"https:\/\/aukinkochile.com\/web\/wp-json\/wp\/v2\/media\/609326"}],"wp:attachment":[{"href":"https:\/\/aukinkochile.com\/web\/wp-json\/wp\/v2\/media?parent=609327"}],"wp:term":[{"taxonomy":"product_brand","embeddable":true,"href":"https:\/\/aukinkochile.com\/web\/wp-json\/wp\/v2\/product_brand?post=609327"},{"taxonomy":"product_cat","embeddable":true,"href":"https:\/\/aukinkochile.com\/web\/wp-json\/wp\/v2\/product_cat?post=609327"},{"taxonomy":"product_tag","embeddable":true,"href":"https:\/\/aukinkochile.com\/web\/wp-json\/wp\/v2\/product_tag?post=609327"}],"curies":[{"name":"wp","href":"https:\/\/api.w.org\/{rel}","templated":true}]}}