{"id":609325,"date":"2023-01-13T15:29:54","date_gmt":"2023-01-13T15:29:54","guid":{"rendered":"https:\/\/aukinkochile.com\/web\/producto\/botones-grandes-diferentes-formas\/"},"modified":"2024-12-05T16:15:51","modified_gmt":"2024-12-05T16:15:51","slug":"botones-grandes-diferentes-formas","status":"publish","type":"product","link":"https:\/\/aukinkochile.com\/web\/producto\/botones-grandes-diferentes-formas\/","title":{"rendered":"Botones Grandes Diferentes Formas"},"content":{"rendered":"<p>Set de botones grandes para aprender a clasificar, medir, reconocer colores y formas. Aproximadamente 60 piezas en 10 colores. Material esencial de aprendizaje practico. Mejora las habilidades motoras finas. Incluye 4 lazos de colores y gu\u00eda de actividades. <\/p>\n<p><p><strong>Material : <\/strong> Pl\u00e1stico y Cordel<\/p>\n<p><strong>C\u00f3digo Aukinko : <\/strong> 14-913832<\/p>\n<p><strong>C\u00f3digo Convenio Marco : <\/strong> x<\/p>\n","protected":false},"excerpt":{"rendered":"<p>Set de botones grandes para aprender a clasificar, medir, reconocer colores y formas. Aproximadamente 60 piezas en 10 colores. Material esencial de aprendizaje practico. Mejora las habilidades motoras finas. Incluye 4 lazos de colores y gu\u00eda de actividades. Material : Pl\u00e1stico y Cordel C\u00f3digo Aukinko : 14-913832 C\u00f3digo Convenio Marco : x<\/p>\n","protected":false},"featured_media":609324,"comment_status":"open","ping_status":"closed","template":"","meta":{"_et_pb_use_builder":"","_et_pb_old_content":"","_et_gb_content_width":""},"product_brand":[],"product_cat":[91,21,150,90],"product_tag":[],"class_list":{"0":"post-609325","1":"product","2":"type-product","3":"status-publish","4":"has-post-thumbnail","6":"product_cat-accesorios-sala","7":"product_cat-arte-y-manipulacion","8":"product_cat-asociacion-y-logica","9":"product_cat-matematicas","10":"pa_edad-1-a-2-anos","11":"pa_edad-2-a-3-anos","12":"pa_edad-3-a-4-anos","13":"pa_marca-edx","14":"pa_medidas-15-10-x-10-cm","16":"first","17":"instock","18":"shipping-taxable","19":"purchasable","20":"product-type-simple"},"aioseo_notices":[],"_links":{"self":[{"href":"https:\/\/aukinkochile.com\/web\/wp-json\/wp\/v2\/product\/609325","targetHints":{"allow":["GET"]}}],"collection":[{"href":"https:\/\/aukinkochile.com\/web\/wp-json\/wp\/v2\/product"}],"about":[{"href":"https:\/\/aukinkochile.com\/web\/wp-json\/wp\/v2\/types\/product"}],"replies":[{"embeddable":true,"href":"https:\/\/aukinkochile.com\/web\/wp-json\/wp\/v2\/comments?post=609325"}],"wp:featuredmedia":[{"embeddable":true,"href":"https:\/\/aukinkochile.com\/web\/wp-json\/wp\/v2\/media\/609324"}],"wp:attachment":[{"href":"https:\/\/aukinkochile.com\/web\/wp-json\/wp\/v2\/media?parent=609325"}],"wp:term":[{"taxonomy":"product_brand","embeddable":true,"href":"https:\/\/aukinkochile.com\/web\/wp-json\/wp\/v2\/product_brand?post=609325"},{"taxonomy":"product_cat","embeddable":true,"href":"https:\/\/aukinkochile.com\/web\/wp-json\/wp\/v2\/product_cat?post=609325"},{"taxonomy":"product_tag","embeddable":true,"href":"https:\/\/aukinkochile.com\/web\/wp-json\/wp\/v2\/product_tag?post=609325"}],"curies":[{"name":"wp","href":"https:\/\/api.w.org\/{rel}","templated":true}]}}