{"id":609319,"date":"2023-01-13T15:29:51","date_gmt":"2023-01-13T15:29:51","guid":{"rendered":"https:\/\/aukinkochile.com\/web\/producto\/apilar-piedras-6-tamanos-36-pz\/"},"modified":"2025-06-26T16:15:10","modified_gmt":"2025-06-26T16:15:10","slug":"apilar-piedras-6-tamanos-36-pz","status":"publish","type":"product","link":"https:\/\/aukinkochile.com\/web\/producto\/apilar-piedras-6-tamanos-36-pz\/","title":{"rendered":"Apilar Piedras 6 Tama\u00f1os 36 pz"},"content":{"rendered":"<p>Los ni\u00f1os se divierten mucho con esta manipulaci\u00f3n matem\u00e1tica de la construcci\u00f3n. Ideal para desarrollar habilidades motoras finas, y para contar, clasificar y dise\u00f1o creativo. El juego incluye una caja pl\u00e1stica transparente con 36 piedras en 6 tama\u00f1os y 6 colores, mas 20 tarjetas de actividades. Material suave y liviano.<\/p>\n<p><p><strong>Material : <\/strong> Pl\u00e1stico<\/p>\n<p><strong>C\u00f3digo Aukinko : <\/strong> 14-913208<\/p>\n<p><strong>C\u00f3digo Convenio Marco : <\/strong> x<\/p>\n","protected":false},"excerpt":{"rendered":"<p>Los ni\u00f1os se divierten mucho con esta manipulaci\u00f3n matem\u00e1tica de la construcci\u00f3n. Ideal para desarrollar habilidades motoras finas, y para contar, clasificar y dise\u00f1o creativo. El juego incluye una caja pl\u00e1stica transparente con 36 piedras en 6 tama\u00f1os y 6 colores, mas 20 tarjetas de actividades. Material suave y liviano. Material : Pl\u00e1stico C\u00f3digo Aukinko [&hellip;]<\/p>\n","protected":false},"featured_media":627866,"comment_status":"open","ping_status":"closed","template":"","meta":{"_et_pb_use_builder":"","_et_pb_old_content":"","_et_gb_content_width":""},"product_brand":[],"product_cat":[91,19,7385,20],"product_tag":[],"class_list":{"0":"post-609319","1":"product","2":"type-product","3":"status-publish","4":"has-post-thumbnail","6":"product_cat-accesorios-sala","7":"product_cat-construccion","8":"product_cat-estimulacion-cognitiva-y-motora-para-adultos-mayores","9":"product_cat-motricidad-fina","10":"pa_edad-3-a-4-anos","11":"pa_edad-4-a-5-anos","12":"pa_edad-5-a-6-anos","13":"pa_edad-6-a-8-anos","14":"pa_marca-edx","15":"pa_medidas-16-x-5-x-19","16":"pa_medidas-5-cm","18":"first","19":"instock","20":"shipping-taxable","21":"purchasable","22":"product-type-simple"},"aioseo_notices":[],"_links":{"self":[{"href":"https:\/\/aukinkochile.com\/web\/wp-json\/wp\/v2\/product\/609319","targetHints":{"allow":["GET"]}}],"collection":[{"href":"https:\/\/aukinkochile.com\/web\/wp-json\/wp\/v2\/product"}],"about":[{"href":"https:\/\/aukinkochile.com\/web\/wp-json\/wp\/v2\/types\/product"}],"replies":[{"embeddable":true,"href":"https:\/\/aukinkochile.com\/web\/wp-json\/wp\/v2\/comments?post=609319"}],"wp:featuredmedia":[{"embeddable":true,"href":"https:\/\/aukinkochile.com\/web\/wp-json\/wp\/v2\/media\/627866"}],"wp:attachment":[{"href":"https:\/\/aukinkochile.com\/web\/wp-json\/wp\/v2\/media?parent=609319"}],"wp:term":[{"taxonomy":"product_brand","embeddable":true,"href":"https:\/\/aukinkochile.com\/web\/wp-json\/wp\/v2\/product_brand?post=609319"},{"taxonomy":"product_cat","embeddable":true,"href":"https:\/\/aukinkochile.com\/web\/wp-json\/wp\/v2\/product_cat?post=609319"},{"taxonomy":"product_tag","embeddable":true,"href":"https:\/\/aukinkochile.com\/web\/wp-json\/wp\/v2\/product_tag?post=609319"}],"curies":[{"name":"wp","href":"https:\/\/api.w.org\/{rel}","templated":true}]}}